{"id":68,"date":"2011-03-09T03:47:06","date_gmt":"2011-03-09T02:47:06","guid":{"rendered":"http:\/\/www.casinadirosa.it\/?page_id=68"},"modified":"2011-06-03T17:36:52","modified_gmt":"2011-06-03T16:36:52","slug":"siena","status":"publish","type":"page","link":"https:\/\/www.casinadirosa.it\/it\/southern-tuscany\/siena\/","title":{"rendered":"Siena"},"content":{"rendered":"<p><br \/>\n<strong>Siena<\/strong> \u00e8 una delle pi\u00f9 belle citt\u00e0 d&#8217;arte della Toscana e dell&#8217;Italia intera. Il centro storico \u00e8 stato dichiarato <strong>patrimonio dell&#8217;umanit\u00e0 dall&#8217;UNESCO<\/strong>. Questa splendida <strong>citt\u00e0 in collina in Toscana<\/strong> ha una lunga storia come testimoniano i molti splendidi palazzi storici del centro. <strong>Siena<\/strong> ha molti musei, chiese, e palazzi. I suoi abitanti hanno mantenute vive nei secoli le antiche tradizioni: il &#8220;<strong>Palio of Siena<\/strong>&#8221; e l&#8217;amore dei senesi per la propria &#8220;<strong>contrada<\/strong>&#8221; rispecchia questo rispetto delle tradizioni e della storia. Una <strong>vacanza a Siena<\/strong> \u00e8 un&#8217;esperienza indimenticabili.<\/p>\n<p>Trascorrere un <strong>soggiorno a Siena<\/strong> consente di scoprire la migliore parte della <strong>Toscana<\/strong>. Ci sono molte <strong>cose da fare a Siena<\/strong> durante tutto l&#8217;anno. Potete visitare la citt\u00e0 o i <strong>paesi della Toscana meridionale<\/strong>, quali Montalcino, Pienza, Montepulciano e Cortona. Oppure visitate <strong>Chianti<\/strong>, <strong>San Gimignano<\/strong> e <strong>Volterra<\/strong>. Oppure godetevi le molte <strong>cose da vedere a Siena<\/strong>, con il suo <strong>Duomo<\/strong> e <strong>Piazza del Campo<\/strong>, la piazza della citt\u00e0. Oppure cercate una  <strong>sistemazione a Siena<\/strong> per partecipare ai festeggiamenti del celebre <strong>Palio di Siena<\/strong>.<\/p>\n<h2>La storia di Siena<\/h2>\n<p>Il primo insediamento sorto dove oggi si trova Siena risale all&#8217;epoca Etrusca e Romana. <em>Saena Julia<\/em> era infatti il nome con cui i Romani chiamavano la citt\u00e0 che fondarono qui. Dall&#8217;<strong>origine romana<\/strong> deriva anche il simbola della citt\u00e0 \u2013 <strong>una lupa che allatta Romolo e Remo<\/strong>. Secondo la leggenda, Siena fu  infatti fondata da Senio, figlio di Remo.<\/p>\n<p>La citt\u00e0 divenne sempre pi\u00f9 importante e ricca con l&#8217;invasione dei <strong>Longobardi<\/strong>. Questi costruirono infatti <strong>nuove strade<\/strong> per collegare i territori del nord d&#8217;Italia sotto il loro controllo con  Roma, poich\u00e9 le antiche strade romani che passavano lungo la costa  erano sempre pi\u00f9 di frequente esposte alle incursioni bizantine. Siena  divenne cos\u00ec un prospero centro commerciale e il continuo flusso di <strong>pellegrini<\/strong> di strada per Roma portarono grande ricchezze alla citt\u00e0.<\/p>\n<p>Nel <strong>Medioevo<\/strong>, Siena divenne una <strong>citt\u00e0 ricca e vibrante<\/strong>.  Le antiche famiglie aristocratiche di Siena, di origine longobarda, si  fusero con la nobilt\u00e0 franca arrivata in citt\u00e0 dopo che i Longobardi si  erano arresi a <strong>Carlomagno<\/strong>. La <strong>tradizione cristiana<\/strong> della nobilt\u00e0 franca port\u00f2 alla fondazione di molte <strong>abbazie<\/strong> su tutto il territorio Senese, come ad esempio l&#8217;<strong>Abbazia di San Galgano<\/strong> in Val di Merse e l&#8217;<strong>Abbazia di Sant\u2019Antimo<\/strong> in Val d\u2019Orcia.<\/p>\n<p>Il <strong>XII e il XIII secolo<\/strong> furono particolarmente prosperi. Siena became a major centre of <strong>money lending<\/strong> and an important wool trade centre. After a few years during which it was governed by its bishop, in the 12th century the <strong>commune of Siena<\/strong> declared its independence from episcopal control. Its first written <strong>constitution<\/strong> dates back to this period.<\/p>\n<p>This is a very important period in the history of Siena and it was  crucial in shaping the city as we know it today. It was during the 12th  century that the <strong>construction of Siena Cathedral<\/strong> (the <em>Duomo<\/em>) was completed. In this same period <strong>Piazza del Campo<\/strong>,  one of the most beautiful civic spaces in Europe, grew in importance as  the centre of the city&#8217;s secular life. Piazza del Campo became the site  of the market, and the location of various sporting events. A  self-governing commune replaced the earlier aristocratic government and  increased its territory as the surrounding feudal nobles in their <strong>fortified castles<\/strong> submitted to the urban power. <strong>Siena&#8217;s republic<\/strong> was often in opposition to its great rival, <strong>Florence<\/strong>, and in the 13th century it was predominantly <strong>Ghibelline<\/strong> in opposition to Florence&#8217;s Guelph position. This conflict formed the backdrop for some of <strong>Dante&#8217;s Divina Commedia<\/strong>.<\/p>\n<p>In <strong>1260<\/strong> the Sienese army defeated the Florentines in the famous <strong>Battle of Monteaperti<\/strong>. The legend has it that right before the battle, the city and its <em>contrade<\/em> were dedicated to the <strong>Virgin Mary<\/strong>,  and that she helped the city soldiers by having a thick white cloud  descend on the battlefield, giving the Sienese cover and helping their  attack. The <strong>rivalry between Siena and Florence<\/strong> is still  alive today, especially when the football teams of the  two cities meet  in a match: it is not uncommon to hear the Sienese supporters remind   their Florentine counterparts to &#8220;Remember Montaperti!&#8221;.<\/p>\n<p>Siena is home to an <strong>excellent University<\/strong> which was also created in the 12th century.  Its faculties of <strong>law<\/strong> and <strong>medicine<\/strong> are still among the best in Italy. <strong>Siena cultural life<\/strong> was very lively at that time, and for a while, Siena rivalled Florence in the arts thanks to the big names of the <strong>Scuola Senese<\/strong> (the Sienese school) such as <strong>Duccio di Buoninsegna<\/strong> and <strong>Ambrogio Lorenzetti<\/strong>.<\/p>\n<p>The <strong>decline<\/strong> of the city power started in the <strong>14th century<\/strong>, when Siena was devastated by the <strong>Black Death of 1348<\/strong>, and also suffered from bad financial enterprises. Several <strong>political fights<\/strong> led to popular governments, with a brief period during the papacy of <strong>Pope Pio II Piccolomini<\/strong>, from <strong>Pienza<\/strong>, when the noble families regained some power. After Pio II&#8217;s death the control returned into popular hands. In <strong>1472<\/strong> the Republic founded the <strong>Monte dei Paschi<\/strong>, a bank that is still active today and is <strong>the oldest surviving bank in the world<\/strong>.<\/p>\n<p>After years of fights for the survival of the Republic, Siena finally <strong>sourrendered to Florence<\/strong> in the <strong>16th century<\/strong> and then became part of the <strong>Grand Duchy of Tuscany<\/strong>, to which it belonged until the unification of Italy in the 19th century.<\/p>","protected":false},"excerpt":{"rendered":"<p>Siena \u00e8 una delle pi\u00f9 belle citt\u00e0 d&#8217;arte della Toscana e dell&#8217;Italia intera. Il centro storico \u00e8 stato dichiarato patrimonio dell&#8217;umanit\u00e0 dall&#8217;UNESCO. Questa splendida citt\u00e0 in collina in Toscana ha una lunga storia come testimoniano i molti splendidi palazzi storici del centro. Siena ha molti musei, chiese, e palazzi. I suoi abitanti hanno mantenute vive [&hellip;]<\/p>\n","protected":false},"author":4,"featured_media":177,"parent":22,"menu_order":300,"comment_status":"closed","ping_status":"closed","template":"","meta":{"footnotes":""},"class_list":["post-68","page","type-page","status-publish","has-post-thumbnail","hentry"],"_links":{"self":[{"href":"https:\/\/www.casinadirosa.it\/it\/wp-json\/wp\/v2\/pages\/68","targetHints":{"allow":["GET"]}}],"collection":[{"href":"https:\/\/www.casinadirosa.it\/it\/wp-json\/wp\/v2\/pages"}],"about":[{"href":"https:\/\/www.casinadirosa.it\/it\/wp-json\/wp\/v2\/types\/page"}],"author":[{"embeddable":true,"href":"https:\/\/www.casinadirosa.it\/it\/wp-json\/wp\/v2\/users\/4"}],"replies":[{"embeddable":true,"href":"https:\/\/www.casinadirosa.it\/it\/wp-json\/wp\/v2\/comments?post=68"}],"version-history":[{"count":5,"href":"https:\/\/www.casinadirosa.it\/it\/wp-json\/wp\/v2\/pages\/68\/revisions"}],"predecessor-version":[{"id":550,"href":"https:\/\/www.casinadirosa.it\/it\/wp-json\/wp\/v2\/pages\/68\/revisions\/550"}],"up":[{"embeddable":true,"href":"https:\/\/www.casinadirosa.it\/it\/wp-json\/wp\/v2\/pages\/22"}],"wp:featuredmedia":[{"embeddable":true,"href":"https:\/\/www.casinadirosa.it\/it\/wp-json\/wp\/v2\/media\/177"}],"wp:attachment":[{"href":"https:\/\/www.casinadirosa.it\/it\/wp-json\/wp\/v2\/media?parent=68"}],"curies":[{"name":"wp","href":"https:\/\/api.w.org\/{rel}","templated":true}]}}