{"id":70,"date":"2011-03-09T03:50:38","date_gmt":"2011-03-09T02:50:38","guid":{"rendered":"http:\/\/www.casinadirosa.it\/?page_id=70"},"modified":"2017-07-22T23:47:47","modified_gmt":"2017-07-22T21:47:47","slug":"valdorcia","status":"publish","type":"page","link":"https:\/\/www.casinadirosa.it\/it\/southern-tuscany\/valdorcia\/","title":{"rendered":"Val d&#8217;Orcia"},"content":{"rendered":"<p><\/p>\n<h1><\/h1>\n<p>La <strong>Val d&#8217;Orcia<\/strong> \u00e8 fondamentalmente la &#8220;<strong>Toscana da cartolina<\/strong>&#8220;, \u00e8 tutto ci\u00f2 che ci si aspetta di vedere in Toscana: <strong>dolci colline<\/strong>, <strong>paesaggi lunari<\/strong> che cambiano colore con il cambiare delle stagioni, passando dal verde  brillante dell&#8217;erba nuova a primavera, alle macchie rosse dei papaveri  all&#8217;inizio dell&#8217;estate, ai colori caldi dell&#8217;estate; <strong>casolari in pietra<\/strong> sulla cima di una collina, <strong>strade orlate di cipressi<\/strong>; <strong>cittadine medievali in collina* come<\/strong>Pienza<strong>, **Montalcino<\/strong> e <strong>Montepulciano<\/strong>; <strong>castelli in mezzo ai vigneti<\/strong> come il <strong>Castello Banfi<\/strong>; <strong>antiche abbazie<\/strong> nel cuore della <strong>campagna incontaminata<\/strong> come l&#8217;<strong>Abbazia Sant&#8217;Antimo<\/strong>; una <strong>chiesetta contornata da cipressi<\/strong>; o il paesaggio pi\u00f9 fotografato in <strong>Toscana<\/strong>: un <strong>gruppo di cipressi<\/strong> che si ergono solitari in mezzo ai campi. Questa \u00e8 la <strong>Val d&#8217;Orcia<\/strong>, una delle aree pi\u00f9 apprezzate della <strong>Toscana<\/strong>.<\/p>\n<p>La <strong>Val d&#8217;Orcia<\/strong>, come dice il suo nome, \u00e8 una valle a nord-est del <strong>Monte Amiata<\/strong>. Si estende in parte sul territorio della provincia di <strong>Siena<\/strong> e in parte sul territorio della provincia di <strong>Grosseto<\/strong>. L&#8217;area prende nome dal <strong>fiume<\/strong> che \u00e8 in parte responsabile della bellezza di questi meravigliosi paesaggi, il fiume <strong>river Orcia<\/strong>,  che scorre attraverso la valle prima di gettarsi nel <strong>fiume Ombrone<\/strong>, il fiume della <strong>Maremma<\/strong>. La <strong>Val d&#8217;Orcia<\/strong> \u00e8 stata dichiarata dall&#8217;UNESCO <strong>Patrimonio dell&#8217;Umanit\u00e0<\/strong> nel 2004 grazie allo stato di <strong>eccellente conservazione<\/strong> del suo territorio, che ha influenzato tanti artisti del Rinascimento italiano.<\/p>\n<p>Le citt\u00e0 principali della Val d&#8217;Orcia sono <strong>Montalcino<\/strong>, <strong>Pienza<\/strong>, <strong>San Quirico d&#8217;Orcia<\/strong>, <strong>Castiglion d&#8217;Orcia<\/strong>, <strong>Monticchiello<\/strong>, <strong>Bagno Vignoni<\/strong>, e <strong>Bagni San Filippo<\/strong>. Molti includono <strong>Montepulciano<\/strong> tra i principali centri della Val d\u2019Orcia, anche se qusta cittadina si trova in realt\u00e0 nel territorio della <strong>Val di Chiana<\/strong>. Il simbolo della Val d&#8217;Orcia sono gli <strong>alberi di cipresso che punteggiano la campagna<\/strong>.<\/p>\n<p>L&#8217;area \u00e8 anche famosa per i suoi prodotti enogastronomici, quali i <em>pici<\/em>, un sorta di spessi spaghetti, il vino D.O.C.G. <strong>Brunello<\/strong> red wine produced in the area of <strong>Montalcino<\/strong>, the <strong>Nobile<\/strong> produced in <strong>Montepulciano<\/strong>, and the <strong>pecorino cheese<\/strong> typical of <strong>Pienza<\/strong>.<\/p>\n<p>Un altro elemento che ha influenzato l&#8217;aspetto della <strong>Val d&#8217;Orcia<\/strong> \u00e8 il fatto che era attraversata dalla <strong>Via Francigena<\/strong>,  che, dato l&#8217;alto numero di viandanti che la percorrevano, port\u00f2 alla nascita di un <strong>sistema di castelli, fortezze e citt\u00e0 fortificate<\/strong> che rappresentano alcune della pi\u00f9 belle testimonianze della vita nel <strong>Medioevo Toscano<\/strong>.<\/p>\n<h2>Cosa vedere in Val d&#8217;Orcia<\/h2>\n<p><strong>Castiglione d&#8217;Orcia<\/strong> \u00e8 la cittadina pi\u00f9 alta della <strong>Val d&#8217;Orcia<\/strong>, arroccata qual&#8217;\u00e8 sulle pendici del <strong>Monte Amiata<\/strong>. Dal paese si gode di un <strong>panorama mozzafiato<\/strong>. Ha una <strong>bellissima piazza<\/strong> con un pozzo della fine dell&#8217;inizio del &#8216;600. Ci sono anche <strong>due chiesette graziose<\/strong>,  la chiesa di Santa Maria Maddalena e la chiesa dei Santi Stefano e  Degna. Gli edifici pi\u00f9 interessanti di Castiglione d&#8217;Orcia sono comunque  i ruderi della <strong>Rocca Aldobrandesca<\/strong> e la <strong>Rocca a Tentennano<\/strong>.<\/p>\n<p>Vicino a Castiglione d&#8217;Orcia, vale la pena visitare <strong>Rocca d&#8217;Orcia<\/strong> con le sue belle <strong>chiese<\/strong>:  la Pieve di San Simeone (XIII secolo), la chiesa della Compagnia di San  Sebastiano e la Chiesa della Madonna del Palazzo, oggi trasformata in  residenza privata. Anche <strong>Campigliola d&#8217;Orcia<\/strong> \u00e8 carina, con la sua <strong>struttura medievale<\/strong>. Nei pressi del paese si possono visitare le rovine dell&#8217;antica <strong>Torre di Campigliola<\/strong>.<\/p>\n<p><strong>Montalcino<\/strong> \u00e8 una delle pi\u00f9 <strong>amati paesi in collina nella Toscana Meridionale<\/strong>. Reso celebre dal suo rosso <strong>Brunello D.O.C.G.<\/strong>, il paese \u00e8 dominato dalla sua <strong>rocca medievale<\/strong> (1361), oggi un&#8217;enoteca. Passeggiare nel centro di Montalcino \u00e8 un&#8217;esperienza incantevole: il <strong>Palazzo Pubblico<\/strong> con la sua torre, la <strong>Loggia Gotica<\/strong>, i <strong>negozi <em>* di *<\/em>ceramice<\/strong> e <strong>artigianato<\/strong> rendono una gita a Montalcino un&#8217;esperienza indimenticabile. The <strong>views of the countryside<\/strong> from the village are <strong>stunning<\/strong>. The town churches are also worth mentioning: Sant&#8217;Agostino and Sant&#8217;Egidio. In Montalcino there is also a <strong>museum<\/strong> housing interesting paintings and sculptures made between the 14th and the 20th century and some ceramics by <strong>Della Robbia<\/strong>.<\/p>\n<p>Some <strong>winding roads running through the vineyards<\/strong> lead from Montalcino to the neighbouring villages of <strong>Torrenieri<\/strong>, <strong>Sant&#8217;Angelo in Colle<\/strong> and the <strong>Castle of Poggio alle Mura<\/strong> (also known as <strong>Villa Banfi<\/strong>, one of the major producers of <strong>Brunello<\/strong>).<\/p>\n<p>Visitors to this area should not miss the <strong><a href=\"http:\/\/www.antimo.it\/\">Abbey of Sant&#8217;Antimo<\/a><\/strong>, one of the most important <strong>Romanesque buildings in Tuscany<\/strong>. The Abbey is famous for the <strong>Gregorian Chants<\/strong> as well.   pi\u00f9 <strong>Pienza<\/strong> takes its name from <strong>Pope Pius II Piccolomini<\/strong>. He had it designed as his &#8220;ideal city&#8221; on the place of the <strong>Castle of Corsignano<\/strong>. It is a <strong>Unesco World Heritage site<\/strong>. In <strong>1458<\/strong>, Enea Silvio Piccolomini decided to transform his home village in the <strong>perfect Renaissance town<\/strong>. The main buildings in Pienza were built over <strong>three<\/strong> years, between 1459 and 1462: the Cathedral, Cattedrale dell\u2019Assunta,  housing works of art by the most important artist of the time, Palazzo  Piccolomini, which has a loggia from which visitors can enjoy amazing  views over the Val d&#8217;Orcia, the Town Hall, and the Bishop Palace, now  housing a museum. Some <strong>medieval buildings<\/strong> remain: the Church of San Francesco and the Pieve di Corsignano, already existing in 714.<\/p>\n<p>Near <strong>Pienza<\/strong>, other villages well worth a visit are the <strong>fortified village of Monticchiello<\/strong>, with its walls, the medieval buildings, the fortress and the 13th century church and <strong>Montefollonico<\/strong>,  an village on a high hill with wonderful views over the valley, stretching far as Cortona, which also has an excellent <a href=\"http:\/\/www.lacosta.it\/ristorante.it.php\">restaurant called Il Medioevo<\/a>.<\/p>\n<p><strong>Radicofani<\/strong> is also an interesting place. It has the <strong>most massive fortress<\/strong> in <strong>Southern Tuscany<\/strong>. The fortress, with a <strong>high tower<\/strong>, protected the border of the <em>Grand Ducato di Toscana<\/em> and the <em>Stato Pontificio<\/em> for centuries.<\/p>\n<p>The fortress was built before the year 1000 on a previous <strong>Etruscan-Roman site<\/strong>,  and the fortification was strengthen in the 16th century to make it  more resistant to the new weapons. From the tower one can see the Val  d\u2019Orcia, the <strong>Lake Trasimeno<\/strong> in Umbria, the <strong>Bolsena lake<\/strong> in Lazio, Monte Amiata and the Apennines. Near Radicofani, the medieval village of <strong>Contignano<\/strong> is well worth a stop.<\/p>\n<p><strong>San Quirico d&#8217;Orcia<\/strong> is on the northern border of the Val d&#8217;Orcia. It developed around the <strong>medieval hamlet of Osenna<\/strong> and it is still a perfect example of a medieval settlement. The center is enclosed by the <strong>town walls<\/strong> and contains the beautiful church called <strong>Collegiata of the Saints Quirico and Giuditta<\/strong> which has beautiful <strong>early Gothic portals<\/strong>.  Another interesting building is the church of the Misericordia, and the  Palazzo Pretorio , Palazzo Chigi, the Church of Santa Maria Assunta,  the old Ospedale della Scala and the church of Santa Maria di Vitaleta  are also worth visiting.<\/p>\n<p>For <strong>lovers of gardens<\/strong>, San Quirico d&#8217;Orcia has the beautiful <strong>Horti Leonini<\/strong>, <strong>Italian-style gardens<\/strong> designed by Diomede Leoni  around <strong>1540<\/strong>. The gardens often host <strong>contemporary sculpture exhibitions<\/strong>. Another lovely garden is the &#8220;<strong>rose garden<\/strong>&#8220;, il <strong>Giardino delle Rose<\/strong>.<\/p>\n<p>Near San Quirico, <strong>lovers of hot springs<\/strong> should not miss <strong>Bagno Vignoni<\/strong>, a medieval spa center renowned for its &#8220;<em>piazza d&#8217;acqua<\/em>&#8221; (literally &#8220;water square&#8221;). Another interesting sight for those who are interested in &#8220;<strong>water-related attractions<\/strong>&#8220;, is the <em>Parco dei Mulini<\/em> (the <strong>mill park<\/strong>), a park dedicate to the techniques used to use water for different purposes in the Middle Ages.<\/p>\n<p><strong>Montepulciano<\/strong> is a beautiful hilltop town, often  associated with Montalcino and Pienza in the list of the must-see in Val  d&#8217;Orcia. The town is actually in Val di Chiana. However, it is very  close to Pienza and a combined visit to the two towns makes for a <strong>wonderful daytrip from Casina di Rosa<\/strong>.<\/p>\n<p>Foto del banner di <a href=\"http:\/\/www.flickr.com\/photos\/frengo\/tags\/valdorcia\/\">Frengo2.0<\/a>. Alcune delle altre foto presenti in questa pagina sono state scattate da: <a href=\"http:\/\/www.flickr.com\/photos\/angler70\/3906758999\/sizes\/m\/\">angler70<\/a>, <a href=\"http:\/\/www.flickr.com\/photos\/terzocchio\/2554898648\/sizes\/l\/\">Candido33<\/a>, <a href=\"http:\/\/www.flickr.com\/photos\/bulvio78\/tags\/valdorcia\/\">Fulvio Varone<\/a>, <a href=\"http:\/\/www.flickr.com\/photos\/ale_florence\/102059326\/\">uzzituzzi1<\/a>, Robert Crum, <a href=\"http:\/\/www.flickr.com\/photos\/atelier_flir\/1111021248\/\">Tim Brown Architects<\/a>, <a href=\"http:\/\/www.flickr.com\/photos\/mightymightymatze\/2935724722\/sizes\/m\/\">mightymightymatze<\/a>, <a href=\"http:\/\/www.flickr.com\/photos\/lops\/338801793\/sizes\/m\/\">mookiefl<\/a>, <a href=\"http:\/\/www.flickr.com\/photos\/8300747@N02\/2550609517\/sizes\/m\/\">francie1978<\/a>, <a href=\"http:\/\/www.flickr.com\/photos\/23516066@N07\/2312894508\/sizes\/l\/\">fondelli.nadia<\/a>. <a href=\"http:\/\/www.flickr.com\/photos\/mava\/2679185518\/\">mava<\/a>, <a href=\"http:\/\/www.flickr.com\/photos\/xdatap1\/153077763\/\">Paolo Sanmichele<\/a>, <a href=\"http:\/\/www.flickr.com\/photos\/aldoaldoz\/2828403582\/\">aldoaldoz<\/a>, <a href=\"http:\/\/www.flickr.com\/photos\/argo_72\/2484152194\/\">argo_72<\/a>, and <a href=\"http:\/\/www.flickr.com\/photos\/siepert\/2627874166\/\">Siepert77<\/a>.<\/p>","protected":false},"excerpt":{"rendered":"<p>La Val d&#8217;Orcia \u00e8 fondamentalmente la &#8220;Toscana da cartolina&#8220;, \u00e8 tutto ci\u00f2 che ci si aspetta di vedere in Toscana: dolci colline, paesaggi lunari che cambiano colore con il cambiare delle stagioni, passando dal verde brillante dell&#8217;erba nuova a primavera, alle macchie rosse dei papaveri all&#8217;inizio dell&#8217;estate, ai colori caldi dell&#8217;estate; casolari in pietra sulla [&hellip;]<\/p>\n","protected":false},"author":4,"featured_media":191,"parent":22,"menu_order":400,"comment_status":"closed","ping_status":"closed","template":"","meta":{"footnotes":""},"class_list":["post-70","page","type-page","status-publish","has-post-thumbnail","hentry"],"_links":{"self":[{"href":"https:\/\/www.casinadirosa.it\/it\/wp-json\/wp\/v2\/pages\/70","targetHints":{"allow":["GET"]}}],"collection":[{"href":"https:\/\/www.casinadirosa.it\/it\/wp-json\/wp\/v2\/pages"}],"about":[{"href":"https:\/\/www.casinadirosa.it\/it\/wp-json\/wp\/v2\/types\/page"}],"author":[{"embeddable":true,"href":"https:\/\/www.casinadirosa.it\/it\/wp-json\/wp\/v2\/users\/4"}],"replies":[{"embeddable":true,"href":"https:\/\/www.casinadirosa.it\/it\/wp-json\/wp\/v2\/comments?post=70"}],"version-history":[{"count":5,"href":"https:\/\/www.casinadirosa.it\/it\/wp-json\/wp\/v2\/pages\/70\/revisions"}],"predecessor-version":[{"id":1098,"href":"https:\/\/www.casinadirosa.it\/it\/wp-json\/wp\/v2\/pages\/70\/revisions\/1098"}],"up":[{"embeddable":true,"href":"https:\/\/www.casinadirosa.it\/it\/wp-json\/wp\/v2\/pages\/22"}],"wp:featuredmedia":[{"embeddable":true,"href":"https:\/\/www.casinadirosa.it\/it\/wp-json\/wp\/v2\/media\/191"}],"wp:attachment":[{"href":"https:\/\/www.casinadirosa.it\/it\/wp-json\/wp\/v2\/media?parent=70"}],"curies":[{"name":"wp","href":"https:\/\/api.w.org\/{rel}","templated":true}]}}