{"id":72,"date":"2011-03-09T03:54:32","date_gmt":"2011-03-09T02:54:32","guid":{"rendered":"http:\/\/www.casinadirosa.it\/?page_id=72"},"modified":"2013-07-29T09:52:17","modified_gmt":"2013-07-29T07:52:17","slug":"val-di-merse","status":"publish","type":"page","link":"https:\/\/www.casinadirosa.it\/it\/southern-tuscany\/val-di-merse\/","title":{"rendered":"Val di Merse"},"content":{"rendered":"<p><\/p>\n<h1><\/h1>\n<p>La <strong>Val di Merse<\/strong> si trova tra <strong>Siena<\/strong> e <strong>l&#8217;Alta Maremma<\/strong> ed \u00e8 famosa per la sua <strong>natura rigogliosa<\/strong>. La Val di Merse \u00e8 il territorio compreso tra i fiumi Farma e Merse ed \u00e8 interamente coperta da <strong>fitti boschi<\/strong> punteggiati da <strong>paesini medievali e castelli<\/strong>. Si trova inoltre un&#8217;area ricca di acqua, i cui poteri lenitivi sono riconosciuti fin dall\u2019antichit\u00e0, basti pensare alle <strong>terme di Petriolo<\/strong>.<\/p>\n<p>La Val di Merse \u00e8 una <strong>destinazione ideale per gli amanti della natura<\/strong>. I percorsi per fare <strong>escursioni a piedi, in bici o a cavallo<\/strong> solcano i boschi e offrono la possibilit\u00e0 di godere dei suoni della  natura e della pace di un area che \u00e8 rimasta immutata nei secoli. Una <strong>passeggiata facile ma suggestiva<\/strong> \u00e8 quella che da Monticiano conduce all&#8217;abbazia di San Galgano. Un vero e proprio viaggio indietro nel tempo.<\/p>\n<p>Chi ama le <strong>escursioni in bicicletta<\/strong> trover\u00e0 ben 11  itinerari in Val di Merse con descrizioni, mappe dettagliate, altimetrie  e indirizzi e informazioni utili nella guida &#8220;Terre di Siena &#8211; Val di  Merse in bici&#8221; che pu\u00f2 essere richiesta alla proloco dei vari paesi  oppure contattando il <a href=\"http:\/\/www.rosiabike.it\/\">Gruppo Ciclistico Val di Merse<\/a> e disponibile sul loro sito.<\/p>\n<p>Un altro ottimo modo per visitare la Val di Merse \u00e8 a <strong>cavallo<\/strong>. Attraverso <strong>sentieri silenziosi e tranquilli<\/strong> si scorgono all\u2019improvviso castelli abbandonati, torrioni abbarbicati a  speroni di roccia, eremi nascosti tra i boschi, animali selvatici e si  godono viste indimenticabili. A cavallo si possono visitare paesi  medievali arrivandovi come i cavalieri del passato. Brenna, Torri,  Lestine, e le fattorie della campagna toscana come ad esempio la  Fattoria di Montestigliano appaiono tra i boschi e regalano attimi  difficili da dimenticare. Le passeggiate a cavallo lungo i fiumi Farma e  Merse e attraverso i boschi della Montagnola Senese sono tra le pi\u00f9  belle.<\/p>\n<h3>I paesi della Val di Merse<\/h3>\n<p>Naturalmente la Val di Merse non \u00e8 solo sinonimo di natura. Ci sono paesi bellissimi da visitare come Monticiano,  Chiusdino, Murlo e Sovicille. Monticiano \u00e8 un paese medievale da cui si  gode un incredibile panorama sulla valle del fiume Merse. Ci sono per  altro un&#8217;ottima <strong>enoteca<\/strong> e un <strong>pub molto carino<\/strong>.<\/p>\n<p><strong>Chiusdino<\/strong> \u00e8 un paese bellissimo da cui si vedono la  valle del Merse e le colline metallifere della Maremma fino a Massa  Marittima. Il paese ha la struttura di un castello fortificato e risale  al IX secolo. A Chiusdino si possono visitare le chiese di San Martino  fuori le mura, la Prepositura di San Michele accanto alla casa dove  nacque San Galgano e la vicina chiesa della Compagnia di San Galgano che  conserva un interessante bassorilievo che ritrae il santo mentre  trafigge la roccia con la spada. Vicino a Chiusdino si raccomanda la  visita al borgo-castello di Frosini (XI secolo), antica residenza dei  conti della Gerardesca, a Luriano, Castelletto al castello di  Montalcinello.<\/p>\n<p><strong>Murlo<\/strong> \u00e8 un antico borgo risalente al XII secolo. Dal  paese si pu\u00f2 vedere la splendida valle del fiume Ombrone fino alle  colline di Montalcino. <strong>Murlo ha origini etrusche<\/strong> e tracce degli insediamenti etruschi sono state rinvenute a <strong>Poggio Civitate<\/strong> e <strong>Poggio Aguzzo<\/strong>.  I reperti sono custoditi nel Museo Archeologico del paese ospitato da  quello che un tempo era il palazzo del vescovo. In paese si possono  anche ammirare alcuni altri edifici di pregio come la cattedrale e le  vecchie prigioni.<\/p>\n<p>Il paese di Vescovado ha la peculiarit\u00e0 di essere nato dall&#8217;unione di  due paesini, Andica e Tinoni, ancora divisi all\u2019inizio del XIX secolo.  Nel paese si pu\u00f2 ammirare un dipinto della Vergine in trono con i Santi  del XV realizzato da Benvenuto di Giovanni.<\/p>\n<p><strong>Sovicille<\/strong> si trova a circa 10 km da Siena sull\u2019antica <strong>Via Maremmana<\/strong> che collegava Siena alla costa della Maremma. Quest&#8217;area abitata sin  dall\u2019et\u00e0 della pietra \u00e8 ricca anche di resti etruschi e romani.  Sovicille e dintorni sono caratterizzati anche da numerosi tesori di  natura storico-artistica abbazie e pievi romaniche quali quelle di San  Giusto a Balli, Pernina, Molli, Ponte allo Spino, San Lorenzo a  Sovicille e Torri dove i visitatori possono ammirare lo splendido  chiostro policromo dell\u2019Abbazia di Santa Mustiola (XIII secolo). In zona  ci sono inoltre splendide ville come Villa Cetinale (XVII secolo,  disegnata dall\u2019architetto Carlo Fontana), Villa Celsa con i suoi  stupendi giardini e la Villa Linari (XVIII secolo).<\/p>\n<h3>I musei della Val di Merse<\/h3>\n<p>L&#8217;Antiquarium di Poggio Civitate, il Museo Archeologico, ospita i  reperti trovati nel sito di Poggio Civitate, che hanno un grande valore  perch\u00e9 hanno contribuito in maniera decisiva a conoscere meglio la  civilt\u00e0 etrusca. Il sito di Poggio Civitate non \u00e8 infatti una necropoli,  ma un palazzo nobiliare del VI secolo a.C. e una bottega artigiana, che  hanno offerto una prospettiva del tutto nuova e inusuale sugli Etruschi  in Val di Merse.<\/p>\n<p>Oltre al Museo Archeologico la Val di Merse ospita altri musei  interessanti, quale ad esempio il Museo del Bosco di Orgia, da non  perdere se si desidera conoscere davvero la vita e l\u2019ambiente di questo  angolo di Toscana. Il museo \u00e8 situato in una vecchia stalla e ospita  oggetti usati dai tagliaboschi e dai carbonai che delineano un\u2019immagine  netta chiara e suggestiva della vita in Val di Merse rimasta inalterata  fino a soli 50 anni fa.<\/p>\n<p>Il museo propone cinque passeggiate: I carbonai (4km), l\u2019Eremo (5  km), il fiume (4 km), e Castiglion che Dio sol Sa (21 km) perfetti per  chi ama il trekking. \u00c8 un vero viaggio nell\u2019antropologia, nella flora,  nella fauna e nella geologia che fornisce un\u2019idea precisa della vita nei  boschi e delle attivit\u00e0 ad essa collegate. Ci sono anche dei percorsi a  tema, come ad esempio &#8220;Il bosco come laboratorio&#8221; che consiste in una  delle escursioni con approfondimenti su aspetti precisi relativi alla  fauna o alla flora, etc del bosco della Val di Merse. Sono disponibili  mappe dettagliate dei percorsi.<\/p>\n<p>Il museo e le camminate possono essere piacevoli per chi \u00e8  interessato a scoprire di pi\u00f9 sull\u2019archeologia pre-industriale, sulle  antiche professioni e sulla lavorazione del carbone. Ad esempio si  possono vedere le antiche carbonaie e scoprire i mestieri ad esse  collegate: i &#8220;palaioli&#8221; tagliavano la legna, i &#8220;vetturini&#8221; trasportavano  I tronchi con l\u2019aiuto dei muli, i &#8220;carbonai&#8221;, uomini anneriti che  vivevano in capanne nel bosco spostandosi di tanto in tanto per trovare  le zone pi\u00f9 adatte per fare il carbone. Erano loro i veri esperti del  bosco e conoscevano l\u2019arte di trasformare il legno in carbone. Il lento  processo di combustione durava 4 o 5 giorni, poi i vetturini arrivavano  con gli &#8220;imballini&#8221;, gli uomini che mettevano il carbone nelle balle, e  ne misuravano il peso accuratamente. Naturalmente i nuovi metodi di  produzione industriali e le nuove fonti energetiche hanno condannato  queste antiche professioni ad un lento ma inesorabile declino.<\/p>\n<p>Se siete curiosi di scoprire come si viveva in Val di Merse nel  passato, non potete non fare trekking nei boschi della zona. Lungo i  fiumi Farma and Merse, ci sono molti resti di antichi mulini medievali  che sfruttavano l\u2019acqua per generare energia per la lavorazione del  ferro, della lana, del grano, etc. Vicino Monticiano, lungo il Farma nel  comune di Roccastrada ci sono ancora i resti di molte ferriere  costruite qui dalla fine del 1200 in poi. Nella zona di Chiusdino dopo  l\u2019anno 1000 sorsero numerosi castelli specializzati nello sfruttamento  delle miniere come quella di Miranduolo e i ricchi monasteri costruirono  dozzine di mulini per produrre farina e lavorare la lana, come ad  esempio a San Galgano o a Santa Maria di Serena. Presso Murlo il metallo  \u00e8 stato lavorato fin dall\u2019epoca etrusca e nel medioevo sorsero numerosi  mulini di propriet\u00e0 di nobili o monasteri. Nel XIII secolo l\u2019abbazia di  Santa Trinit\u00e0 di Torri con la citt\u00e0 di Siena cre\u00f2 una serie di grandi  mulini sviluppando avanzate tecniche ingegneristiche per assicurare  l\u2019approvvigionamento di farina alla citt\u00e0.<\/p>\n<p>La Val di Merse ha inoltre una lunga tradizione culinaria. Da non  perdersi sono la carne della Cinta Senese, un tipo di maiale, la  minestraccia, una zuppa della tradizione della cucina povera toscana e i  piatti a base di funghi o cacciagione, frutto dei boschi di queste  zone. Su richiesta si possono organizzare corsi di cucina e degustazione  di olio d\u2019oliva e di vini.<\/p>\n<p>La foto nel banner \u00e8 di  <a href=\"http:\/\/www.flickr.com\/photos\/alessandraelle\/3992124011\/sizes\/m\/\">alessandraelle<\/a>. Alcune delle foto in questa pagina sono state scattate da: <a href=\"http:\/\/www.flickr.com\/photos\/gaspa\/tags\/sangalgano\/\">Gaspa<\/a>, <a href=\"http:\/\/www.flickr.com\/photos\/sacred_destinations\/4203350125\/sizes\/l\/\">Sacred Destinations<\/a>, <a href=\"http:\/\/www.flickr.com\/photos\/matteo_dudek\/474417315\/sizes\/m\/\">Matteo Dudek<\/a>, <a href=\"http:\/\/www.flickr.com\/photos\/21033263@N06\/2047295826\/sizes\/m\/\">enzo.tiberi<\/a>, <a href=\"http:\/\/www.flickr.com\/photos\/carlotardani\/3617247521\/sizes\/m\/\">carlotardani<\/a>, <a href=\"http:\/\/www.flickr.com\/photos\/kcarlson\/508243172\/sizes\/m\/\">KCarls<\/a>, <a href=\"http:\/\/www.flickr.com\/photos\/fabiogis50\/4522796498\/sizes\/m\/\">fabiogis50<\/a>, <a href=\"http:\/\/www.flickr.com\/photos\/antares67\/2635636909\/sizes\/o\/\">Alessandro Innocenti<\/a>, <a href=\"http:\/\/www.flickr.com\/photos\/ianloic\/4199780396\/sizes\/m\/in\/photostream\/\">Ianloic<\/a>.<\/p>","protected":false},"excerpt":{"rendered":"<p>La Val di Merse si trova tra Siena e l&#8217;Alta Maremma ed \u00e8 famosa per la sua natura rigogliosa. La Val di Merse \u00e8 il territorio compreso tra i fiumi Farma e Merse ed \u00e8 interamente coperta da fitti boschi punteggiati da paesini medievali e castelli. Si trova inoltre un&#8217;area ricca di acqua, i cui [&hellip;]<\/p>\n","protected":false},"author":4,"featured_media":193,"parent":22,"menu_order":500,"comment_status":"closed","ping_status":"closed","template":"","meta":{"footnotes":""},"class_list":["post-72","page","type-page","status-publish","has-post-thumbnail","hentry"],"_links":{"self":[{"href":"https:\/\/www.casinadirosa.it\/it\/wp-json\/wp\/v2\/pages\/72","targetHints":{"allow":["GET"]}}],"collection":[{"href":"https:\/\/www.casinadirosa.it\/it\/wp-json\/wp\/v2\/pages"}],"about":[{"href":"https:\/\/www.casinadirosa.it\/it\/wp-json\/wp\/v2\/types\/page"}],"author":[{"embeddable":true,"href":"https:\/\/www.casinadirosa.it\/it\/wp-json\/wp\/v2\/users\/4"}],"replies":[{"embeddable":true,"href":"https:\/\/www.casinadirosa.it\/it\/wp-json\/wp\/v2\/comments?post=72"}],"version-history":[{"count":9,"href":"https:\/\/www.casinadirosa.it\/it\/wp-json\/wp\/v2\/pages\/72\/revisions"}],"predecessor-version":[{"id":990,"href":"https:\/\/www.casinadirosa.it\/it\/wp-json\/wp\/v2\/pages\/72\/revisions\/990"}],"up":[{"embeddable":true,"href":"https:\/\/www.casinadirosa.it\/it\/wp-json\/wp\/v2\/pages\/22"}],"wp:featuredmedia":[{"embeddable":true,"href":"https:\/\/www.casinadirosa.it\/it\/wp-json\/wp\/v2\/media\/193"}],"wp:attachment":[{"href":"https:\/\/www.casinadirosa.it\/it\/wp-json\/wp\/v2\/media?parent=72"}],"curies":[{"name":"wp","href":"https:\/\/api.w.org\/{rel}","templated":true}]}}