{"id":76,"date":"2011-03-09T05:14:14","date_gmt":"2011-03-09T04:14:14","guid":{"rendered":"http:\/\/www.casinadirosa.it\/?page_id=76"},"modified":"2011-06-03T18:01:13","modified_gmt":"2011-06-03T17:01:13","slug":"art-culture-tuscany","status":"publish","type":"page","link":"https:\/\/www.casinadirosa.it\/it\/things-to-do-tuscany\/art-culture-tuscany\/","title":{"rendered":"Arte e cultura in Toscana"},"content":{"rendered":"<p><\/p>\n<h1><\/h1>\n<p>Per gli amanti dell&#8217;<strong>arte<\/strong> e della cultura una visita alle splendide <strong>citt\u00e0 d&#8217;arte<\/strong> della zona quali <strong>Siena, Firenze, Arezzo, Pisa e Lucca<\/strong> \u00e8 caldamente consigliata.<\/p>\n<p>Tutte queste citt\u00e0 possono essere visitate partendo al mattino e  rientrando alla sera da Casina di Rosa, anche se naturalmente tutti i  loro tesori richiederebbero dei mesi! <strong>Roma<\/strong> \u00e8 facilmente raggiungibile in auto o in treno da Grosseto. Anche <strong>Perugia<\/strong> in Umbria \u00e8 a circa due ore di macchina.<\/p>\n<p>Se invece siete interessati alla storia della regione, all&#8217;antichit\u00e0 italica, \u00e8 consigliabile una visita ai <strong>parchi archeologici Etruschi e Romani<\/strong> di Roselle, Pitigliano, Sorano e Sovana. Le <strong>Necropoli etrusche<\/strong> rappresentano un tesoro inestimabile ammirabile solo in Toscana e nell&#8217;Alto Lazio.<\/p>\n<p>Di notevole interesse sono anche i numerosi <strong>paesi, castelli e abbazie medioevali<\/strong> nelle vicinanze quali l&#8217;<strong>Abbazia Ardenghesca<\/strong> di San Lorenzo che sorge lungo l&#8217;antica Via del Sale, San Galgano,  Monte Antico, Casenovole, Poggio alle Mura, Pienza, San Gimignano e  Volterra.<\/p>\n<p>La Toscana \u00e8, inoltre, il luogo perfetto per <strong>imparare la lingua italiana<\/strong>. A Siena, ci sono moltissime scuole di italiano per stranieri che offrono ogni tipo di corso.<\/p>\n<p>Photo banner by <a href=\"http:\/\/www.flickr.com\/photos\/shoes_on_wires\/2354908526\/\">Shoes on Wires<\/a>.<\/p>","protected":false},"excerpt":{"rendered":"<p>Per gli amanti dell&#8217;arte e della cultura una visita alle splendide citt\u00e0 d&#8217;arte della zona quali Siena, Firenze, Arezzo, Pisa e Lucca \u00e8 caldamente consigliata. Tutte queste citt\u00e0 possono essere visitate partendo al mattino e rientrando alla sera da Casina di Rosa, anche se naturalmente tutti i loro tesori richiederebbero dei mesi! Roma \u00e8 facilmente [&hellip;]<\/p>\n","protected":false},"author":4,"featured_media":201,"parent":26,"menu_order":0,"comment_status":"closed","ping_status":"closed","template":"","meta":{"footnotes":""},"class_list":["post-76","page","type-page","status-publish","has-post-thumbnail","hentry"],"_links":{"self":[{"href":"https:\/\/www.casinadirosa.it\/it\/wp-json\/wp\/v2\/pages\/76","targetHints":{"allow":["GET"]}}],"collection":[{"href":"https:\/\/www.casinadirosa.it\/it\/wp-json\/wp\/v2\/pages"}],"about":[{"href":"https:\/\/www.casinadirosa.it\/it\/wp-json\/wp\/v2\/types\/page"}],"author":[{"embeddable":true,"href":"https:\/\/www.casinadirosa.it\/it\/wp-json\/wp\/v2\/users\/4"}],"replies":[{"embeddable":true,"href":"https:\/\/www.casinadirosa.it\/it\/wp-json\/wp\/v2\/comments?post=76"}],"version-history":[{"count":4,"href":"https:\/\/www.casinadirosa.it\/it\/wp-json\/wp\/v2\/pages\/76\/revisions"}],"predecessor-version":[{"id":559,"href":"https:\/\/www.casinadirosa.it\/it\/wp-json\/wp\/v2\/pages\/76\/revisions\/559"}],"up":[{"embeddable":true,"href":"https:\/\/www.casinadirosa.it\/it\/wp-json\/wp\/v2\/pages\/26"}],"wp:featuredmedia":[{"embeddable":true,"href":"https:\/\/www.casinadirosa.it\/it\/wp-json\/wp\/v2\/media\/201"}],"wp:attachment":[{"href":"https:\/\/www.casinadirosa.it\/it\/wp-json\/wp\/v2\/media?parent=76"}],"curies":[{"name":"wp","href":"https:\/\/api.w.org\/{rel}","templated":true}]}}