{"id":84,"date":"2011-03-09T07:31:54","date_gmt":"2011-03-09T06:31:54","guid":{"rendered":"http:\/\/www.casinadirosa.it\/?page_id=84"},"modified":"2011-10-08T10:08:34","modified_gmt":"2011-10-08T08:08:34","slug":"holidays-in-tuscany","status":"publish","type":"page","link":"https:\/\/www.casinadirosa.it\/it\/plan-trip-tuscany\/holidays-in-tuscany\/","title":{"rendered":"Le Feste in Toscana"},"content":{"rendered":"<p>Passare del tempo in <strong>Toscana<\/strong> \u00e8 sempre bellissimo, ma visitare la Toscana durante le <a href=\"http:\/\/www.casinadirosa.it\/en\/plan-trip-tuscany\/holidays-in-tuscany\/christmas-in-tuscany\">Feste di Natale<\/a> o trascorrere <a href=\"http:\/\/www.casinadirosa.it\/en\/plan-trip-tuscany\/holidays-in-tuscany\/valentines-day-tuscany\">San Valentino<\/a> nel luogo pi\u00f9 <strong>romantico<\/strong> al mondo \u00e8 certamente un&#8217;esperienza <strong>indimenticabile<\/strong>.<\/p>\n<p>Il periodo delle <em>* feste in Toscana<strong>, come in molte altre parti d&#8217;Italia, inizia pi\u00f9 o meno ufficialmente *<\/strong><\/em><strong>l&#8217;8 dicembre<\/strong>, quando si celebra <em>l&#8217;Immacolata Concezione<\/em>. Per molti qui quello \u00e8 il primo vero giorno delle feste, che per molte famiglie segna il momento in cui finalmente le <strong>decorazioni natalizie<\/strong> escono dagli scatoloni e si fa l&#8217;albero di Natale.<\/p>\n<p>E&#8217; questo il momento in cui, passata la frenesia della <strong>raccolta delle olive<\/strong>, i primi dolci natalizi cominciano ad apparire sugli scaffali: niente pi\u00f9 di un bel pezzo di <em>panforte<\/em> appena sfornato che troneggia in pasticceria o in panetteria parla del <strong>Natale in Toscana<\/strong>!<\/p>\n<p>Anche il <a href=\"http:\/\/www.casinadirosa.it\/en\/plan-trip-tuscany\/holidays-in-tuscany\/valentines-day-tuscany\">Capodanno in Toscana<\/a> \u00e8 divertente. Ci sono molti modi in cui si festeggia la fine del vecchio anno e l&#8217;arrivo del nuovo. La maggior parte della gente partecipa a un &#8220;<strong><em>cenone<\/em><\/strong>&#8221; in un bel ristorante o festeggia <strong>in piazza<\/strong> partecipando a una delle molte feste o concerti che sono organizzati nelle principali citt\u00e0 dei dintorni.<\/p>\n<p>Con il 6 gennaio le vacanze si concludono ufficialmente con l&#8217;Epifania, o come viene pi\u00f9 informalmente definita qui con la Befana! Solitamente il paese organizza sempre qualcosa per i pi\u00f9 piccini.<\/p>\n<p>A febbraio, poi, la Toscana \u00e8 una delle mete pi\u00f9 apprezzate per festeggiare il giorno di <a href=\"http:\/\/www.casinadirosa.it\/en\/plan-trip-tuscany\/holidays-in-tuscany\/valentines-day-tuscany\">San Valentino<\/a>. Regalare un soggiorno in Toscana per San Valentino al vostro compagno o alla vostra compagna \u00e8 senza dubbio uno dei <strong>regali pi\u00f9 romantici<\/strong> che si possano fare!<\/p>\n<p>Un buon momento per scoprire le <strong>tradizioni della Toscana<\/strong> sono le <a href=\"http:\/\/www.casinadirosa.it\/en\/plan-trip-tuscany\/holidays-in-tuscany\/easter-in-tuscany\">vacanze di Pasqua<\/a>. Se nelle citt\u00e0 le tradizioni si perdono sempre di pi\u00f9, nelle piccole comunit\u00e0 come la nostra eventi quali <strong>la processione del Venerd\u00ec Santo<\/strong> divetano il fulcro della vita locale.<\/p>\n<p>Se volete <strong>scoprire come si vivono le feste in Toscana<\/strong> e soggiornare a Casina di Rosa, <a href=\"mailto:info@casinadirosa.it\">scriveteci<\/a> subito!<\/p>\n<p>Foto banner di <a href=\"http:\/\/www.flickr.com\/photos\/diplod\/2192561754\/sizes\/m\/\">davide &#8211; diploD<\/a>.<\/p>","protected":false},"excerpt":{"rendered":"<p>Passare del tempo in Toscana \u00e8 sempre bellissimo, ma visitare la Toscana durante le Feste di Natale o trascorrere San Valentino nel luogo pi\u00f9 romantico al mondo \u00e8 certamente un&#8217;esperienza indimenticabile. Il periodo delle * feste in Toscana, come in molte altre parti d&#8217;Italia, inizia pi\u00f9 o meno ufficialmente *l&#8217;8 dicembre, quando si celebra l&#8217;Immacolata [&hellip;]<\/p>\n","protected":false},"author":4,"featured_media":173,"parent":28,"menu_order":0,"comment_status":"closed","ping_status":"closed","template":"","meta":{"footnotes":""},"class_list":["post-84","page","type-page","status-publish","has-post-thumbnail","hentry"],"_links":{"self":[{"href":"https:\/\/www.casinadirosa.it\/it\/wp-json\/wp\/v2\/pages\/84","targetHints":{"allow":["GET"]}}],"collection":[{"href":"https:\/\/www.casinadirosa.it\/it\/wp-json\/wp\/v2\/pages"}],"about":[{"href":"https:\/\/www.casinadirosa.it\/it\/wp-json\/wp\/v2\/types\/page"}],"author":[{"embeddable":true,"href":"https:\/\/www.casinadirosa.it\/it\/wp-json\/wp\/v2\/users\/4"}],"replies":[{"embeddable":true,"href":"https:\/\/www.casinadirosa.it\/it\/wp-json\/wp\/v2\/comments?post=84"}],"version-history":[{"count":17,"href":"https:\/\/www.casinadirosa.it\/it\/wp-json\/wp\/v2\/pages\/84\/revisions"}],"predecessor-version":[{"id":444,"href":"https:\/\/www.casinadirosa.it\/it\/wp-json\/wp\/v2\/pages\/84\/revisions\/444"}],"up":[{"embeddable":true,"href":"https:\/\/www.casinadirosa.it\/it\/wp-json\/wp\/v2\/pages\/28"}],"wp:featuredmedia":[{"embeddable":true,"href":"https:\/\/www.casinadirosa.it\/it\/wp-json\/wp\/v2\/media\/173"}],"wp:attachment":[{"href":"https:\/\/www.casinadirosa.it\/it\/wp-json\/wp\/v2\/media?parent=84"}],"curies":[{"name":"wp","href":"https:\/\/api.w.org\/{rel}","templated":true}]}}