{"id":86,"date":"2011-03-09T07:41:14","date_gmt":"2011-03-09T06:41:14","guid":{"rendered":"http:\/\/www.casinadirosa.it\/?page_id=86"},"modified":"2017-07-22T23:47:08","modified_gmt":"2017-07-22T21:47:08","slug":"vacation-rental-tuscany","status":"publish","type":"page","link":"https:\/\/www.casinadirosa.it\/it\/plan-trip-tuscany\/vacation-rental-tuscany\/","title":{"rendered":"Affittare una casa in Toscana"},"content":{"rendered":"<p>La <strong>Toscana \u00e8 una regione bellissima<\/strong> e una meta turistica molto popolare. Per questo, offre una grande  scelta a chi cerca un alloggio in cui trascorrere le proprie vacanze. La  tipologica di alloggio varia a seconda della zona e delle preferenze  personali.<\/p>\n<h2>La scelta delle vacanze in agriturismo<\/h2>\n<p>Una delle scelte pi\u00f9 frequenti \u00e8 quella di trascorrere le <strong>vacanze in agriturismo nella campagna toscana<\/strong>. In Alta Maremma e nei dintorni di Siena (<em>Val d&#8217;Orcia, Crete Senesi, Chianti, Montagnola, zona di San Gimignano<\/em>), gli agriturismi sono molto numerosi e variano riguardo ai prezzi e alla tipologia.<\/p>\n<p>Alcuni agriturismi toscani offrono sistemazione in camera con prima  colazione, ossia B&amp;B, altri offrono sistemazione in appartamento con  trattamento di solo pernottamento (<em>self-catering<\/em>). Molti agriturismi hanno una piscina e degli extra, come la possibilit\u00e0 di andare a cavallo, in bici, o la pesca sportiva.<\/p>\n<p>Se una persona \u00e8 alla <strong>ricerca della quiete<\/strong> della campagna, l&#8217;agriturismo, come ad esempio <a href=\"http:\/\/www.ilpassodegliulivi.it\/\">Il Passo degli Ulivi<\/a>, \u00e8 un&#8217;ottima scelta.<\/p>\n<p>In Toscana, ci sono inoltre molti <strong>hotel, affittacamere e pensioni<\/strong>, alcuni molto economici e carini, altri molto pi\u00f9 costosi e di lusso.<\/p>\n<h2>Affittare una casa vacanze<\/h2>\n<p>Un&#8217;altra possibilit\u00e0, molto praticata dai turisti stranieri, \u00e8 quello della sistemazione self-catering in una casa vacanza. <strong>Casina di Rosa<\/strong> \u00e8 proprio questo: <strong>una casa nel cuore di un paesino in collina nell&#8217;Alta Maremma Toscana<\/strong>.<\/p>\n<p>Affittare una casa per le proprie vacanze in Toscana \u00e8 un modo  diverso, pi\u00f9 &#8220;reale&#8221;, di vivere questa terra con le sue abitudini, il  suo stile e le sue tradizioni.<\/p>\n<p>L&#8217;affitto stagionale consente inoltre di godere del <strong>comfort<\/strong> tipico di un albergo e dello <strong>spazio<\/strong> e della <strong>libert\u00e0<\/strong> che solo un&#8217;<strong>intera casa<\/strong> pu\u00f2 assicurare.<\/p>\n<p>Spesso, <strong>le case per vacanze sono attrezzate di tutto punto<\/strong> come dei veri e propri hotel. Molti italiani hanno il ricordo delle  case al mare degli anni 70 o 80, che erano spesso delle seconde case,  abbandonate a se stesse e sfruttate quanto pi\u00f9 possibile per tre mesi  all&#8217;anno. Le case vacanza per\u00f2 sono ben altro. Sono spesso <strong>molto curate<\/strong>, arredante in stile tradizionale toscano oppure moderno e di design.<\/p>\n<p>Lenzuola e biancheria per la cucina e per il bagno sono fornite, cos\u00ec  come pure i prodotti per cucinare pi\u00f9 essenziali, quali spezie, sale,  zucchero, etc.<\/p>\n<h3>Perch\u00e9 scegliere una casa vacanza?<\/h3>\n<p>Le case vacanze offrono la possibilit\u00e0 di <strong>sentirsi a casa<\/strong> anche in vacanza. Per una settimana o due la casa in Toscana diventa la vostra residenza, e potrete davvero sentirvi &#8220;locali&#8221;.<\/p>\n<p>La casa vacanza inoltre consente di <strong>risparmiare<\/strong> e allo stesso tempo di <strong>vivere davvero la zona<\/strong> in cui deciderete di trascorrere le vostre vacanze toscane. Potrete  infatti affittare una casa ed usarla come base per le vostre <strong>escursioni<\/strong>,  rientrando sempre la sera per riposarvi un po&#8217; prima di uscire per  cena, o magari restando a casa a prepararvi una bella cenetta a base  delle specialit\u00e0 locali.<\/p>\n<p><strong>Casina di Rosa<\/strong> offre la possibilit\u00e0 di vivere per  una settimana o pi\u00f9 in un paesino toscano dell&#8217;Alta Maremma, a met\u00e0  strada tra Siena e Grosseto. Scegliendo Casina di Rosa potrete cos\u00ec  esplorare <strong>molte e diverse regioni della Toscana meridionale<\/strong>, sia nella provincia di Siena che di Grosseto, e <strong>ogni sera tornerete a casa vostra<\/strong>!<\/p>\n<p>Se volete sapere <strong>cosa dicono di noi i nostri ospiti<\/strong>, leggete le recensioni di Casina di Rosa pubblicate da Slow Travel e <a href=\"http:\/\/www.tripadvisor.com\/\">Trip Advisor<\/a>. Per saperne di pi\u00f9&#8230;<\/p>\n<p>Chi desidera saperne di pi\u00f9, pu\u00f2 consultare il bellissimo sito Slow Travel (in inglese) dedicato a chi ama viaggiare senza fretta, godendosi a pieno quello che la regione ha da offrire.<\/p>","protected":false},"excerpt":{"rendered":"<p>La Toscana \u00e8 una regione bellissima e una meta turistica molto popolare. Per questo, offre una grande scelta a chi cerca un alloggio in cui trascorrere le proprie vacanze. La tipologica di alloggio varia a seconda della zona e delle preferenze personali. La scelta delle vacanze in agriturismo Una delle scelte pi\u00f9 frequenti \u00e8 quella [&hellip;]<\/p>\n","protected":false},"author":4,"featured_media":438,"parent":28,"menu_order":0,"comment_status":"closed","ping_status":"closed","template":"","meta":{"footnotes":""},"class_list":["post-86","page","type-page","status-publish","has-post-thumbnail","hentry"],"_links":{"self":[{"href":"https:\/\/www.casinadirosa.it\/it\/wp-json\/wp\/v2\/pages\/86","targetHints":{"allow":["GET"]}}],"collection":[{"href":"https:\/\/www.casinadirosa.it\/it\/wp-json\/wp\/v2\/pages"}],"about":[{"href":"https:\/\/www.casinadirosa.it\/it\/wp-json\/wp\/v2\/types\/page"}],"author":[{"embeddable":true,"href":"https:\/\/www.casinadirosa.it\/it\/wp-json\/wp\/v2\/users\/4"}],"replies":[{"embeddable":true,"href":"https:\/\/www.casinadirosa.it\/it\/wp-json\/wp\/v2\/comments?post=86"}],"version-history":[{"count":8,"href":"https:\/\/www.casinadirosa.it\/it\/wp-json\/wp\/v2\/pages\/86\/revisions"}],"predecessor-version":[{"id":1095,"href":"https:\/\/www.casinadirosa.it\/it\/wp-json\/wp\/v2\/pages\/86\/revisions\/1095"}],"up":[{"embeddable":true,"href":"https:\/\/www.casinadirosa.it\/it\/wp-json\/wp\/v2\/pages\/28"}],"wp:featuredmedia":[{"embeddable":true,"href":"https:\/\/www.casinadirosa.it\/it\/wp-json\/wp\/v2\/media\/438"}],"wp:attachment":[{"href":"https:\/\/www.casinadirosa.it\/it\/wp-json\/wp\/v2\/media?parent=86"}],"curies":[{"name":"wp","href":"https:\/\/api.w.org\/{rel}","templated":true}]}}