{"id":94,"date":"2011-03-09T08:40:08","date_gmt":"2011-03-09T07:40:08","guid":{"rendered":"http:\/\/www.casinadirosa.it\/?page_id=94"},"modified":"2017-07-22T23:54:51","modified_gmt":"2017-07-22T21:54:51","slug":"coast-beach-maremma","status":"publish","type":"page","link":"https:\/\/www.casinadirosa.it\/it\/southern-tuscany\/maremma\/coast-beach-maremma\/","title":{"rendered":"Il mare della Maremma"},"content":{"rendered":"<p><\/p>\n<h2>La costa, le spiagge e il mare della Maremma toscana<\/h2>\n<p>Clicca qui per vedere una mappa sensibile della Maremma<\/p>\n<p>Per gli amanti del <strong>mare<\/strong>, la Maremma rappresenta un vero <strong>paradiso naturale<\/strong>. Il <strong>mare della Maremma<\/strong> riceve ogni anno <a href=\"http:\/\/www.blueflag.org\/\">riconoscimenti<\/a> per la pulizia delle acque lungo i ben <strong>160km di costa<\/strong>, e il litorale \u00e8 in grado di soddisfare le esigenze di amanti delle <strong>spiagge sabbiose o degli scogli<\/strong>.<\/p>\n<p>Inoltre le <strong>grandi pinete<\/strong> che costeggiano le spiagge  sono un patrimonio naturale di grande importanza, cos\u00ec come pure alcune  aree in cui l&#8217;ecosistema lagunare si \u00e8 preservato, come ad esempio la <strong>riserva della Diaccia Botrona<\/strong> nei pressi di <strong>Castiglione della Pescaia<\/strong>.<\/p>\n<p>Quest&#8217;ultimo paese rientra senza dubbio tra le localit\u00e0 pi\u00f9 amate con <strong>Marina di Grosseto, Marina di Alberese, Follonica e Punt&#8217;Ala.<\/strong> La Maremma vanta tuttavia aree di grande bellezza e fama mondiale anche pi\u00f9 lontano dal capoluogo come ad esempio l&#8217;<strong>Argentario, Telamone, e l&#8217;arcipelago toscano<\/strong> con le sue splendide isolette raggiungibili in barca dai molti porti e porticcioli della Maremma.<\/p>\n<p>La <strong>Costa d&#8217;Argento<\/strong>, \u00e8 la zona pi\u00f9 a sud della Toscana che si estende fino al confine con il Lazio ed \u00e8 compresa tra i <strong>monti dell&#8217;Uccellina e il lago di Burano<\/strong>. Quest&#8217;area, attraversata dalla Via Aurelia e quindi abitata fin dall&#8217;antichit\u00e0, prende il suo nome dal <strong>Monte Argentario<\/strong>, un promontorio il cui profilo a picco sul mare \u00e8 visibile da ogni punto della Maremma e ne \u00e8 probabilmente il miglior simbolo.<\/p>\n<p>L&#8217;<strong>Argentario<\/strong> \u00e8 molto amato da chi pratica <strong>sport nautici e immersioni<\/strong>, ma anche da chi ama godersi la tranquillit\u00e0 di una gita in barca. La Costa d&#8217;Argento non \u00e8 solo famosa per le sue <strong>spiagge meravigliose<\/strong>, ma anche per il <strong><a href=\"http:\/\/www.parco-maremma.it\/\">Parco Naturale della Maremma<\/a><\/strong> che rappresenta un&#8217;occasione unica per chi ama la <strong>natura<\/strong> e il <strong>trekking<\/strong>. La spiaggia di <strong>Marina di Alberese<\/strong> \u00e8 uno dei tratti pi\u00f9 belli del <strong>litorale maremmano<\/strong>. Una curiosit\u00e0: un tratto della spiaggia \u00e8 molto amata da nudisti e naturisti.<\/p>\n<p>Per gli amanti della natura, il <strong>Lago di Burano<\/strong> \u00e8 <strong><a href=\"http:\/\/www.wwf.it\/\">un&#8217;oasi WWF<\/a><\/strong>, ed \u00e8 un centro di popolamento animale con specie di uccelli acquatici rari e che qui \u00e8 possibile osservare nel loro habitat.<\/p>\n<p>Molte le localit\u00e0 di <strong>interesse storico e artistico<\/strong>. Quest&#8217;area vanta infatti un passato glorioso fin dall&#8217;epoca <strong>Etrusco-romana<\/strong>, e poi pi\u00f9 tardi con i presidi <strong>spagnoli<\/strong> e le storie di <strong>tesori e pirati<\/strong>, fino alla conquista dei cieli con il <strong>primo volo transatlantico che prese il via proprio da Orbetello<\/strong>.<\/p>\n<p>I porti di <strong>Santo Stefano e Porto Ercole<\/strong> sono ancora  ricchi di botteghe dove i falegnami accomodano le imbarcazioni dei  pescatori e dove \u00e8 ancora possibile incontrare pescatori che rammendano  le reti al rientro dalla pesca e prima di rimettersi in mare. Sono  inoltre porti di grande valore storico, perch\u00e9 proprio di qui si salpava  gi\u00e0 ai tempi dei romani per raggiungere le <strong>ville patrizie di Giannutri<\/strong> e del <strong>Giglio<\/strong>.  Questi paesi si animano l&#8217;estate in occasione delle feste tradizionali.  In particolare, il 2 giugno Porto Ercole festeggia il suo patrono,  Sant&#8217;Erasmo, e il 15 agosto, Porto Santo Stufano ricorda l&#8217;assalto dei  Saraceni con un corteo storico in costumi spagnoli e con il <strong>Palio Marinaro dell&#8217;Argentario<\/strong>.<\/p>\n<p><strong>Orbetello<\/strong> e dintorni meritano decisamente una visita, in particolare il bellissimo paese di <strong>Talamone<\/strong> con la sua rocca del XV secolo, e il paese di origini romane dell&#8217;<strong>Ansedonia<\/strong>, oggi popolarissima localit\u00e0 di villeggiatura. Orbetello sorge su una <strong>laguna<\/strong> che viene considerata da molti un vero tesoro naturale.<\/p>\n<p><strong>Capalbio<\/strong> con la sua rocca, le mura e il cuore medievale, \u00e8 conosciuta anche come la <strong>citt\u00e0 dei briganti<\/strong>,  per le leggendarie scorrerie della fine del secolo scorso favorite  dalla natura di confine di questo centro. Famoso il personaggio del  brigante maremmano <strong>Tiburzi<\/strong>, protagonista di molte <strong>ballate<\/strong> tramandate tutt&#8217;oggi dai cantastorie in occasione di sagre ed altri  eventi tradizionali. Il centro del paese \u00e8 molto bello: le stradine  medievali, la rocca, le mura, una chiesa del 1200 e un busto  dell&#8217;imperatore Adriano, sono sufficienti a farne una meta ideale per  una gita. Una curiosit\u00e0: a Capalbio si svolge ogni anno <strong>l&#8217;International Short Film Festival,<\/strong> una rassegna internazionale dedicata al cortometraggio.<\/p>\n<p><strong>Magliano in Toscana<\/strong> rappresenta un altro centro di  notevole interesse. In particolare si raccomandano escursioni a piedi o  in bicicletta tra i ruderi della <strong>chiesa romanica di San Bruzio del XII secolo<\/strong>. Questa chiesa si trova infatti in un luogo di grande suggestione, con cipressi, paesaggi collinari tipicamente toscani e <strong>resti di tombe etrusche<\/strong> che richiamano tempi lontanissimi. Le tombe scavate nella roccia di <strong>Santa Maria in Borraccia<\/strong>, la strada romana che attraverso i campi conduce alla <strong>Tomba dipinta delle Chimere,<\/strong> le molte chiese e le torri, fanno di Magliano un luogo davvero unico.<\/p>\n<p>Anche questo angolo di Maremma ha i suoi vini, ed in particolare si ricordano il <strong>Capalbio DOC e il Parrina DOC<\/strong>.<\/p>\n<p>Quando si parla di <strong>mare e Maremma<\/strong>, non si pu\u00f2 non parlare delle isole dell&#8217;<strong>arcipelago toscano<\/strong>, un <strong>parco naturale marino<\/strong>, per la bellezza dei suoi fondali e la purezza delle acque. In particolare, l&#8217;<strong>Isola del Giglio e Giannutri<\/strong> sono due mete che gli amanti del mare non dovrebbero perdersi. L&#8217;<strong>Isola del Giglio<\/strong> non \u00e8 molto grande ma i suoi tre paesini, Giglio Porto, Campese e Il  Castello, sono abitati durante tutto l&#8217;anno. L&#8217;isola si anima  soprattutto in estate quanto migliaia di visitatori vi si recano per  potersi godere le acque cristalline, le calette, le insenature e le  spiagge, ma anche il buon vino e il pesce cucinato secondo tradizioni  lunghe secoli. Un&#8217;ottima occasione per visitare l&#8217;Isola del Giglio \u00e8 il  15 settembre, festa di <strong>San Mamiliano<\/strong>, patrono dell&#8217;isola.<\/p>\n<p>L&#8217;<strong>Isola di Giannutri<\/strong> offre invece un&#8217;esperienza meno  &#8220;turistica&#8221;. Sebbene sia molto vicina al Giglio, l&#8217;isola \u00e8 decisamente  una meta per chi vuole allontanarsi da tutto e da tutti per un giorno ed  immergersi nella storia. Oltre ad avere una costa splendida e protetta  (si pu\u00f2 attraccare solo in alcuni punti), Giannutri \u00e8 conosciuta fin  dall&#8217;antichit\u00e0 greco-romana e conserva <strong>uno dei principali siti archeologici toscani<\/strong>: i resti della <strong>Villa romana dei Domizi Enobarbi<\/strong> della met\u00e0 del I secolo dopo Cristo.<\/p>\n<p>Chi volesse partecipare ad una delle <strong>minicrociere dell&#8217;arcipelago toscano<\/strong> pu\u00f2 consultare i seguenti siti:<\/p>\n<ul>\n<li><a href=\"http:\/\/www.islanegra.it\/\">Isla Negra &#8211; crociere e charter nel Tirreno<\/a><\/li>\n<li><a href=\"http:\/\/www.veganavi.it\/\">Vega navi &#8211; gite turistiche nell&#8217;arcipelago toscano<\/a><\/li>\n<li><a href=\"http:\/\/www.etrurianavigazione.com\/\">Minicrocere arcipelago toscano da Castiglione della Pescaia<\/a><\/li>\n<\/ul>\n<p>Per chi desidera conoscere gli <strong>itinerari<\/strong> possibili in questa zona, i <strong>siti archeologici<\/strong> o avere maggiori informazioni su queste localit\u00e0, \u00e8 possibile scaricare la brochure sulla <strong><a href=\"http:\/\/www.lamaremmafabene.it\/italiano\/stampa\/brochure\/GiglioGiannutri_Tedesco.pdf\">Costa d&#8217;Argento<\/a> e sulle <a href=\"http:\/\/www.lamaremmafabene.it\/italiano\/stampa\/brochure\/GiglioGiannutri_Tedesco.pdf\">Isole del Giglio e Giannutri<\/a><\/strong> dal sito dell&#8217;APT della Maremma. Itinerari in questa zona sono disponibili anche sul sito della <a href=\"http:\/\/www.provincia.grosseto.it\/turismo\/escursioni\/area.php?cod=8\">Provincia di Grosseto<\/a>, oppure sul sito della <a href=\"http:\/\/www.prolocomarinadigrosseto.it\/\" rel=\"nofollow\">Proloco di Marina di Grosseto<\/a>.<\/p>\n<p>Clicca qui per vedere una mappa sensibile della Maremma<\/p>\n<p>E ora, tornate alla pagina generica sulla Maremma Toscana oppure continuate a leggere i nostri itinerari in maremma.<\/p>\n<ul>\n<li><a href=\"http:\/\/www.casinadirosa.it\/en\/southern-tuscany\/maremma\/heart-of-maremma\">il cuore della Maremma: Grosseto e la costa grossetana<\/a><\/li>\n<li><a href=\"http:\/\/www.casinadirosa.it\/it\/southern-tuscany\/maremma\/pitigliano-etruscan-maremma\">via dalla pianura: l&#8217;Alta Maremma ossia la Maremma in collina<\/a><\/li>\n<li><a href=\"http:\/\/www.casinadirosa.it\/it\/southern-tuscany\/maremma\/massa-marittima-maremma\">le Colline Metallifere: il nord della Maremma<\/a><\/li>\n<li><a href=\"http:\/\/www.casinadirosa.it\/it\/southern-tuscany\/maremma\/upper-maremma-hills\">le colline dell&#8217;interno, ossia la zona di Civitella Marittima e Casina di Rosa<\/a><\/li>\n<\/ul>\n<p>Per trascorrere una vacanza a Casina di Rosa e visitare questi  magnifici luoghi, visita la nostra pagina delle offerte oppure scrivici a  <a href=\"mailto:info@casinadirosa.it\">info@casinadirosa.it<\/a>.<\/p>","protected":false},"excerpt":{"rendered":"<p>La costa, le spiagge e il mare della Maremma toscana Clicca qui per vedere una mappa sensibile della Maremma Per gli amanti del mare, la Maremma rappresenta un vero paradiso naturale. Il mare della Maremma riceve ogni anno riconoscimenti per la pulizia delle acque lungo i ben 160km di costa, e il litorale \u00e8 in [&hellip;]<\/p>\n","protected":false},"author":4,"featured_media":188,"parent":66,"menu_order":0,"comment_status":"closed","ping_status":"closed","template":"","meta":{"footnotes":""},"class_list":["post-94","page","type-page","status-publish","has-post-thumbnail","hentry"],"_links":{"self":[{"href":"https:\/\/www.casinadirosa.it\/it\/wp-json\/wp\/v2\/pages\/94","targetHints":{"allow":["GET"]}}],"collection":[{"href":"https:\/\/www.casinadirosa.it\/it\/wp-json\/wp\/v2\/pages"}],"about":[{"href":"https:\/\/www.casinadirosa.it\/it\/wp-json\/wp\/v2\/types\/page"}],"author":[{"embeddable":true,"href":"https:\/\/www.casinadirosa.it\/it\/wp-json\/wp\/v2\/users\/4"}],"replies":[{"embeddable":true,"href":"https:\/\/www.casinadirosa.it\/it\/wp-json\/wp\/v2\/comments?post=94"}],"version-history":[{"count":16,"href":"https:\/\/www.casinadirosa.it\/it\/wp-json\/wp\/v2\/pages\/94\/revisions"}],"predecessor-version":[{"id":1100,"href":"https:\/\/www.casinadirosa.it\/it\/wp-json\/wp\/v2\/pages\/94\/revisions\/1100"}],"up":[{"embeddable":true,"href":"https:\/\/www.casinadirosa.it\/it\/wp-json\/wp\/v2\/pages\/66"}],"wp:featuredmedia":[{"embeddable":true,"href":"https:\/\/www.casinadirosa.it\/it\/wp-json\/wp\/v2\/media\/188"}],"wp:attachment":[{"href":"https:\/\/www.casinadirosa.it\/it\/wp-json\/wp\/v2\/media?parent=94"}],"curies":[{"name":"wp","href":"https:\/\/api.w.org\/{rel}","templated":true}]}}