{"id":17,"date":"2011-03-08T13:51:33","date_gmt":"2011-03-08T12:51:33","guid":{"rendered":"http:\/\/www.casinadirosa.it\/?page_id=17"},"modified":"2025-04-23T10:42:00","modified_gmt":"2025-04-23T08:42:00","slug":"vacation-house-tuscany","status":"publish","type":"page","link":"https:\/\/www.casinadirosa.it\/pl\/vacation-house-tuscany\/","title":{"rendered":"Dom"},"content":{"rendered":"<p>Casina di Rosa jest <strong>domem wakacyjnym po\u0142o\u017conym w Toskanii<\/strong>,  kt\u00f3rego powstanie datuje si\u0119 na koniec XIX wieku. Dom wybudowany zosta\u0142  poza murami miasta, niedaleko rezydencji znanej, arystokratycznej  rodziny Ardengheschi.<\/p>\n<p><iframe loading=\"lazy\" width=\"650\" height=\"365,63\" src=\"https:\/\/www.youtube.com\/embed\/4qrozZiuqDU\" title=\"YouTube video player\" frameborder=\"0\" allow=\"accelerometer; autoplay; clipboard-write; encrypted-media; gyroscope; picture-in-picture\" allowfullscreen><\/iframe><\/p>\n<p>Dom wakacyjny jest <strong>ca\u0142kowicie niezale\u017cnym budynkiem<\/strong>, kt\u00f3ry ostatnio zosta\u0142 poddany renowacji. Znajduje si\u0119 tu jedna sypialnia z <strong>podw\u00f3jnym \u0142\u00f3\u017ckiem<\/strong> oraz wygodny pok\u00f3j dzienny z przewodnikami oraz materia\u0142ami informacyjnymi na temat okolicy, w pe\u0142ni wyposa\u017cona kuchnia, oraz <strong>ca\u0142kiem nowa \u0142azienka z kabin\u0105 prysznicow\u0105<\/strong>. Dom jest <strong>idealny dla dw\u00f3ch os\u00f3b<\/strong>, ale istnieje mo\u017cliwo\u015b\u0107 wygodnego zakwaterowania r\u00f3wnie\u017c <strong>trzech<\/strong>.<\/p>\n<p><img loading=\"lazy\" decoding=\"async\" class=\"size-full wp-image-1208 aligncenter\" src=\"http:\/\/www.casinadirosa.it\/wp-content\/uploads\/2022\/07\/loggia-e1657983381342.jpg\" alt=\"\" width=\"650\" height=\"488\" \/><\/p>\n<p>Podczas zimowych miesi\u0119cy, dom mo\u017ce by\u0107 ogrzewany przy <strong>grzejnika elektrycznego<\/strong> oraz <strong>kominka<\/strong>. Jest <strong>klimatyzacja<\/strong> w sezonie letnim.<\/p>\n<h2>Sypialnia<\/h2>\n<p>Przytulna sypialnia wyposa\u017cona jest w <strong>bardzo du\u017ce \u0142\u00f3\u017cko. Przestronna szafa<\/strong> oraz komoda przeznaczone s\u0105 do u\u017cytku dla naszych go\u015bci. Raz w tygodniu prowadzimy <strong>us\u0142ug\u0119 wymiany po\u015bcieli<\/strong>.<\/p>\n<p>Z sypialni domu go\u015bcie mog\u0105 cieszy\u0107 si\u0119 pi\u0119knym <strong>widokiem na okolice<\/strong>.<\/p>\n<p><img loading=\"lazy\" decoding=\"async\" src=\"http:\/\/www.casinadirosa.it\/wp-content\/uploads\/2022\/07\/IMG_8526-e1657983887668.jpg\" alt=\"\" width=\"650\" height=\"488\" class=\"alignleft size-full wp-image-1213\" \/><\/p>\n<p>Znajduj\u0105 si\u0119 tutaj dwie <strong>sofy<\/strong>, z kt\u00f3rych jedna jest <strong>rozk\u0142adana<\/strong>, stolik do kawy, odtwarzacz stereo oraz rega\u0142 pe\u0142en <strong>przewodnik\u00f3w, map i broszur<\/strong>, do dyspozycji go\u015bci. Poniewa\u017c bierzemy udzia\u0142 w <strong>programie zwanym &#8222;Boockcrossing&#8221;<\/strong>, nasi go\u015bcie mog\u0105 u nas r\u00f3wnie\u017c znale\u017a\u0107 <strong>ciekawe ksi\u0105\u017cki<\/strong> pozostawiane tu przez innych go\u015bci i wymieni\u0107 je na inne, ju\u017c przez siebie przeczytane.<\/p>\n<h2>Dobrze wyposa\u017cona kuchnia<\/h2>\n<p>Ciep\u0142o urz\u0105dzona, <strong>w pe\u0142ni wyposa\u017cona<\/strong> kuchnia umo\u017cliwia naszym go\u015bciom samowystarczalno\u015b\u0107. Znajduje si\u0119 tu <strong>kuchenka gazowa, elektryczny piekarnik<\/strong>, lod\u00f3wka, toster i czajnik elektryczny. Jest te\u017c <strong>kamienny kominek<\/strong> oraz st\u00f3\u0142 z krzes\u0142ami. W ca\u0142ym domu jest <strong>ciep\u0142a woda<\/strong>. W kuchni znajduje si\u0119 r\u00f3wnie\u017c <strong>telewizor z odbiornikiem satelitarnym<\/strong>, jest wi\u0119c dost\u0119pnych kilka <strong>program\u00f3w w j\u0119zyku angielskim<\/strong>.<br \/>\n<img loading=\"lazy\" decoding=\"async\" src=\"http:\/\/www.casinadirosa.it\/wp-content\/uploads\/2022\/07\/IMG_3843-e1657984229689.jpg\" alt=\"\" width=\"650\" height=\"488\" class=\"alignleft size-full wp-image-1216\" \/><\/p>\n<h2>\u0141azienka<\/h2>\n<p>\u0141azienka wyposa\u017cona jest w armatur\u0119 firmy Ideal Standard: WC, zlew,  bidet oraz kabina prysznicowa. W zimie \u0142azienka ogrzewana jest  grzejnikiem elektrycznym. Zapewniamy <strong>suszark\u0119<\/strong> i <strong>r\u0119czniki<\/strong>.<br \/>\n<img loading=\"lazy\" decoding=\"async\" src=\"http:\/\/www.casinadirosa.it\/wp-content\/uploads\/2022\/07\/Screenshot-2022-07-16-at-17.18.10-e1657984752243.png\" alt=\"\" width=\"650\" height=\"490\" class=\"alignleft size-full wp-image-1218\" \/><\/p>\n<h2>Loggia<\/h2>\n<p>Dom znajduje si\u0119 <strong>na wzg\u00f3rzu<\/strong> w sercu <strong>\u015bredniowiecznej wioski<\/strong>.   Na zewn\u0105trz domu, przy g\u0142\u00f3wnym wej\u015bciu znajduje si\u0119 miejsce, gdzie  nasi go\u015bcie mog\u0105 usi\u0105\u015b\u0107 w toska\u0144skim s\u0142o\u0144cu i cieszy\u0107 si\u0119 rokiem  wiejskiego \u017cycia. <em> Loggia <\/em> (taras) tu\u017c przy wej\u015bciu do domu to idealne miejsce, gdzie nasi go\u015bcie mog\u0105 usi\u0105\u015b\u0107. S\u0105 krzes\u0142a ogrodowe.<\/p>\n<p><img loading=\"lazy\" decoding=\"async\" src=\"http:\/\/www.casinadirosa.it\/wp-content\/uploads\/2022\/07\/4729431543_9ea199731f_o-e1657985545716.jpg\" alt=\"\" width=\"650\" height=\"488\" class=\"alignleft size-full wp-image-1221\" \/><\/p>\n<h3>Udogodnienia w Casina di Rosa<\/h3>\n<p>W domu znajduj\u0105 si\u0119:<\/p>\n<ul>\n<li>Telewizja satelitarna z DVD<\/li>\n<li>odtwarzacz IPod\/Mp3, radio<\/li>\n<li>pralka<\/li>\n<li>\u017celazko, i deska do prasowania<\/li>\n<li>czajnik elektryczny<\/li>\n<li>przelotowy ekspres do kawy<\/li>\n<li>ekspres do kawy espresso<\/li>\n<li>toster<\/li>\n<li>suszarka<\/li>\n<li>elektryczny grzejnik w \u0142azience<\/li>\n<li>Internetowe (WI-FI)<\/li>\n<\/ul>\n<p>Zapewniamy naszym go\u015bciom <strong>bielizn\u0119 sto\u0142owa i r\u0119czniki<\/strong>, kt\u00f3re wymieniane s\u0105 raz w tygodniu.  Nasi go\u015bcie przywitani zostan\u0105 <strong>koszem pe\u0142nym prostych produkt\u00f3w \u017cywieniowych<\/strong> oraz miejscowych przysmak\u00f3w.<br \/>\nSpecjalnie wyselekcjonowane <strong>przewodniki i  mapy<\/strong> s\u0105 tu  do dyspozycji naszych go\u015bci. Mo\u017cesz po\u017cyczy\u0107 nasz lub kupi\u0107 przewodnik  online przed wyjazdem.  Wybrali\u015bmy najlepsze przewodniki po Toskanii dla  naszych go\u015bci.<\/p>\n<p><strong>We\u017a udzia\u0142 w programie &#8222;BookCrossing&#8221;!<\/strong> Nie kr\u0119pujcie  si\u0119 i bierzcie ksi\u0105\u017cki, kt\u00f3re znajdziecie w nasze bibliotece (prosimy  jednak, aby\u015bcie zostawili przewodniki)! Mo\u017cecie zatrzyma\u0107 powie\u015bci,  kt\u00f3re u nas znajdziecie, jednak powinni\u015bcie pozostawi\u0107 tu t\u0119 sam\u0105 liczb\u0119  ksi\u0105\u017cek jak\u0105 wzi\u0119li\u015bcie. Ksi\u0105\u017cki, jakie zostawicie musz\u0119 by\u0107 napisane w  tym samym j\u0119zyku.<\/p>","protected":false},"excerpt":{"rendered":"<p>Casina di Rosa jest domem wakacyjnym po\u0142o\u017conym w Toskanii, kt\u00f3rego powstanie datuje si\u0119 na koniec XIX wieku. Dom wybudowany zosta\u0142 poza murami miasta, niedaleko rezydencji znanej, arystokratycznej rodziny Ardengheschi. Dom wakacyjny jest ca\u0142kowicie niezale\u017cnym budynkiem, kt\u00f3ry ostatnio zosta\u0142 poddany renowacji. Znajduje si\u0119 tu jedna sypialnia z podw\u00f3jnym \u0142\u00f3\u017ckiem oraz wygodny pok\u00f3j dzienny z przewodnikami oraz [&hellip;]<\/p>\n","protected":false},"author":4,"featured_media":194,"parent":0,"menu_order":20,"comment_status":"closed","ping_status":"closed","template":"","meta":{"footnotes":""},"class_list":["post-17","page","type-page","status-publish","has-post-thumbnail","hentry"],"_links":{"self":[{"href":"https:\/\/www.casinadirosa.it\/pl\/wp-json\/wp\/v2\/pages\/17","targetHints":{"allow":["GET"]}}],"collection":[{"href":"https:\/\/www.casinadirosa.it\/pl\/wp-json\/wp\/v2\/pages"}],"about":[{"href":"https:\/\/www.casinadirosa.it\/pl\/wp-json\/wp\/v2\/types\/page"}],"author":[{"embeddable":true,"href":"https:\/\/www.casinadirosa.it\/pl\/wp-json\/wp\/v2\/users\/4"}],"replies":[{"embeddable":true,"href":"https:\/\/www.casinadirosa.it\/pl\/wp-json\/wp\/v2\/comments?post=17"}],"version-history":[{"count":35,"href":"https:\/\/www.casinadirosa.it\/pl\/wp-json\/wp\/v2\/pages\/17\/revisions"}],"predecessor-version":[{"id":1283,"href":"https:\/\/www.casinadirosa.it\/pl\/wp-json\/wp\/v2\/pages\/17\/revisions\/1283"}],"wp:featuredmedia":[{"embeddable":true,"href":"https:\/\/www.casinadirosa.it\/pl\/wp-json\/wp\/v2\/media\/194"}],"wp:attachment":[{"href":"https:\/\/www.casinadirosa.it\/pl\/wp-json\/wp\/v2\/media?parent=17"}],"curies":[{"name":"wp","href":"https:\/\/api.w.org\/{rel}","templated":true}]}}