{"id":30,"date":"2011-03-08T14:45:16","date_gmt":"2011-03-08T13:45:16","guid":{"rendered":"http:\/\/www.casinadirosa.it\/?page_id=30"},"modified":"2011-06-05T18:31:26","modified_gmt":"2011-06-05T16:31:26","slug":"contact","status":"publish","type":"page","link":"https:\/\/www.casinadirosa.it\/pl\/contact\/","title":{"rendered":"Skontaktuj si\u0119 z nami"},"content":{"rendered":"<p><form id=\"mcg_contact_form\" class=\"uniForm\" method=\"post\" action=\"\">\n\n\n<fieldset class=\"hidden\">\n\t<input type=\"hidden\" name=\"data[MCGD5789CE30EFFD13604B29D925D690034]\" id=\"MCGD5789CE30EFFD13604B29D925D690034\" value=\"\" \/>\n\t<div style=\"position:absolute; top: -9000px; left:-9000px;\">\n\t\t<label for=\"p-mail\"><strong>Note:<\/strong> Do not type anything in the field below. It is a spam trap designed to identify bots. If you populate this field, the form will return an error.<\/label>\n\t\t<input type=\"text\" name=\"data[p-mail]\" id=\"p-mail\" value=\"\" \/>\n\t<\/div>\n\t<input type=\"hidden\" name=\"data[MCGEE1A2A2E7255A250962223A982ACEA3D]\" id=\"MCGEE1A2A2E7255A250962223A982ACEA3D\" value=\"MCGEE1A2A2E7255A250962223A982ACEA3D\" \/>\n<\/fieldset>\n<fieldset class=\"blockLabels\">\n\t<div class=\"required ctrlHolder\">\n\t\t<label for=\"BookingName\">Nazwa<\/label>\n\t\t<input name=\"data[realname]\" type=\"text\" size=\"40\" maxlength=\"64\" class=\"textInput large\" value=\"\" id=\"BookingName\" \/>\n\t\t<p class=\"formHint\">pole obowi\u0105zkowe<\/p>\n\t\t\t<\/div>\n\t\n\t<div class=\"required ctrlHolder\">\n\t\t<label for=\"BookingEmail\">adres e-mail<\/label>\n\t\t<input name=\"data[email]\" type=\"text\" size=\"40\" maxlength=\"64\" class=\"textInput large\" value=\"\" id=\"BookingEmail\" \/>\n\t\t<p class=\"formHint\">pole obowi\u0105zkowe<\/p>\n\t\t\t<\/div>\n\t\n\t<div class=\"required ctrlHolder\">\n\t\t<label for=\"BookingEmailConfirm\">Potwierdzi\u0107 adres e-mail<\/label>\n\t\t<input name=\"data[email_confirm]\" type=\"text\" size=\"40\" maxlength=\"64\" class=\"textInput large\" value=\"\" id=\"BookingEmailConfirm\" \/>\n\t\t<p class=\"formHint\">pole obowi\u0105zkowe<\/p>\n\t\t\t<\/div>\n\t\n\t<div class=\"ctrlHolder\">\n\t\t<label for=\"BookingCountryName\">Obywatelstwo<\/label>\n\t\t<input name=\"data[country_name]\" type=\"text\" size=\"40\" maxlength=\"64\" class=\"textInput large\" value=\"\" id=\"BookingCountryName\" \/>\n\t<\/div>\n\t\n\t<div class=\"ctrlHolder datePicker required\">\n\t\t<label for=\"BookingDateOfArrivalPicker\">Data przyjazdu<\/label>\n\t\t<input name=\"data[date_of_arrival_picker]\" type=\"text\" value=\"\" class=\"small textInput\" id=\"BookingDateOfArrivalPicker\">\n\t\t<input name=\"data[date_of_arrival]\" type=\"hidden\" value=\"\" id=\"BookingDateOfArrival\">\n\t\t<p class=\"formHint\">Przyjazd tylko w soboty<\/p>\n\t<\/div>\n\t\n\t<div class=\"ctrlHolder datePicker required\">\n\t\t<label for=\"BookingDateOfDeparturePicker\">Data wyjazdu<\/label>\n\t\t<input name=\"data[date_of_departure_picker]\" type=\"text\" value=\"\" class=\"small textInput\" id=\"BookingDateOfDeparturePicker\">\n\t\t<input name=\"data[date_of_departure]\" type=\"hidden\" value=\"\" id=\"BookingDateOfDeparture\">\n\t\t<p class=\"formHint\">Przyjazd tylko w soboty<\/p>\n\t<\/div>\n\t\n\t<div class=\"ctrlHolder\">\n\t\t<label for=\"BookingPax\">\u0141\u0105czna liczba os\u00f3b<\/label>\n\t\t<select name=\"data[pax]\" id=\"BookingPax\" class=\"small textInput\">\n<option value=\"3 adults\">3 osoby doros\u0142e<\/option>\n<option value=\"2 adults\" selected=\"selected\">2 osoby doros\u0142e<\/option>\n<option value=\"2 adults, 1 child\">2 doro\u015bli, 1 dziecko<\/option>\n<option value=\"1 adult\">1 osoba doros\u0142a<\/option>\n<option value=\"1 adult, 1 child\">1 osoba doros\u0142a, 1 dziecko<\/option>\n<option value=\"1 adult, 2 children\">1 osoba doros\u0142a, 2 dzieci<\/option>\n\t\t<\/select>\n\t\t<p class=\"formHint\">Casina di Rosa mo\u017ce pomie\u015bci\u0107 do 3 os\u00f3b<\/p>\n\t<\/div>\n\t\n\t<div class=\"ctrlHolder\">\n\t\t<label for=\"BookingTelephone\">Numer kom\u00f3rkowy we W\u0142oszech<\/label>\n\t\t<input name=\"data[telephone]\" type=\"text\" size=\"40\" maxlength=\"64\" class=\"textInput large\" value=\"\" id=\"BookingTelephone\" \/>\n\t<\/div>\n\t\n\t<div class=\"ctrlHolder radioGroup\">\n\t\t<p class=\"label\">Podr\u00f3\u017cowanie z psem?<\/p>\n\t\t<ul>\n\t\t\t<li>\n\t\t\t\t<input type=\"radio\" name=\"data[pets]\" id=\"BookingPets1\" value=\"1\"><label for=\"BookingPets1\">tak<\/label>\n\t\t\t\t<input type=\"radio\" name=\"data[pets]\" id=\"BookingPets0\" value=\"0\" checked=\"checked\"><label for=\"BookingPets0\">nie<\/label>\n\t\t\t<\/li>\n\t\t<\/ul>\n\t<\/div>\n\t\n\t<div class=\"ctrlHolder\">\n\t\t<label for=\"BookingReferrer\">Jak nas znale\u017a\u0107?<\/label>\n\t\t<input name=\"data[referrer]\" type=\"text\" size=\"40\" maxlength=\"64\" class=\"textInput large\" value=\"\" id=\"BookingReferrer\" \/>\n\t<\/div>\n\t\n\t<div class=\"ctrlHolder\">\n\t\t<label for=\"BookingComments\">Pytania\/Uwagi<\/label>\n\t\t<textarea name=\"data[comments]\" cols=\"50\" rows=\"6\" class=\"textInput large\" id=\"BookingComments\" ><\/textarea>\n\t<\/div>\n\t\n\t<div class=\"buttonHolder\"><input type=\"submit\" class=\"primaryAction\" name=\"data[MCGFACA6C9C5408AEBDC6D0BB5EFCA4DEC3]\" id=\"MCGFACA6C9C5408AEBDC6D0BB5EFCA4DEC3\" value=\"Wy\u015blij zapytanie\" \/><\/div>\n<\/fieldset>\n<\/form>\n<script type=\"text\/javascript\" charset=\"utf-8\">\njQuery(document).ready(function($) {\n\t$.datepicker.setDefaults({\n\t\tdateFormat: 'mm\/dd\/yy',\n\t\tminDate: new Date(),\n\t\tmaxDate: '+2y',\n\t\tbeforeShowDay: saturdaysOnly\n\t});\n\t\n\t\/\/ initialize the datepickers\n\tvar arrival = $('#BookingDateOfArrivalPicker');\n\tvar departure = $('#BookingDateOfDeparturePicker');\n\t\n\tarrival.datepicker({\n\t\taltField: '#BookingDateOfArrival',\n\t\taltFormat: 'yy-mm-dd',\n\t\tonSelect: function(dateText, picker) {\n\t\t\tvar arrivalDate = new Date(dateText);\n\t\t\tdeparture.datepicker('setDate', arrivalDate.setDate(arrivalDate.getDate() + 7));\n\t\t\tdeparture.datepicker('option', 'minDate', arrivalDate);\n\t\t}\n\t});\n\tdeparture.datepicker({\n\t\taltField: '#BookingDateOfDeparture',\n\t\taltFormat: 'yy-mm-dd'\n\t});\n\t\n\t\/\/ disable all days but Saturdays\n\tfunction saturdaysOnly(date) {\n\t\treturn [date.getDay() == 6, ''];\n\t}\n});\n<\/script><\/p>","protected":false},"excerpt":{"rendered":"<p>Niestety ta strona jest dost\u0119pna tylko w j\u0119zyku EN, IT i FI.<\/p>\n","protected":false},"author":4,"featured_media":582,"parent":0,"menu_order":60,"comment_status":"closed","ping_status":"closed","template":"contact.php","meta":{"footnotes":""},"class_list":["post-30","page","type-page","status-publish","has-post-thumbnail","hentry"],"_links":{"self":[{"href":"https:\/\/www.casinadirosa.it\/pl\/wp-json\/wp\/v2\/pages\/30","targetHints":{"allow":["GET"]}}],"collection":[{"href":"https:\/\/www.casinadirosa.it\/pl\/wp-json\/wp\/v2\/pages"}],"about":[{"href":"https:\/\/www.casinadirosa.it\/pl\/wp-json\/wp\/v2\/types\/page"}],"author":[{"embeddable":true,"href":"https:\/\/www.casinadirosa.it\/pl\/wp-json\/wp\/v2\/users\/4"}],"replies":[{"embeddable":true,"href":"https:\/\/www.casinadirosa.it\/pl\/wp-json\/wp\/v2\/comments?post=30"}],"version-history":[{"count":19,"href":"https:\/\/www.casinadirosa.it\/pl\/wp-json\/wp\/v2\/pages\/30\/revisions"}],"predecessor-version":[{"id":768,"href":"https:\/\/www.casinadirosa.it\/pl\/wp-json\/wp\/v2\/pages\/30\/revisions\/768"}],"wp:featuredmedia":[{"embeddable":true,"href":"https:\/\/www.casinadirosa.it\/pl\/wp-json\/wp\/v2\/media\/582"}],"wp:attachment":[{"href":"https:\/\/www.casinadirosa.it\/pl\/wp-json\/wp\/v2\/media?parent=30"}],"curies":[{"name":"wp","href":"https:\/\/api.w.org\/{rel}","templated":true}]}}