{"id":9,"date":"2011-03-07T11:32:50","date_gmt":"2011-03-07T10:32:50","guid":{"rendered":"http:\/\/www.casinadirosa.it\/?page_id=9"},"modified":"2022-07-16T16:55:23","modified_gmt":"2022-07-16T14:55:23","slug":"home","status":"publish","type":"page","link":"https:\/\/www.casinadirosa.it\/pl\/","title":{"rendered":"Strona g\u0142\u00f3wna"},"content":{"rendered":"<p>Czy widzia\u0142e\u015b ju\u017c nasze niesamowite <a href=\"\/pl\/vacation-house-tuscany\/travel-deals-tuscany\/\" target=\"_blank\" rel=\"noopener noreferrer\">oferty last minute na zakwaterowanie w Toskanii<\/a>?<\/p>\n<p>Casina di Rosa jest <strong>domem wakacyjnym w Toskanii<\/strong>,  kt\u00f3rego wynaj\u0119cie daje mo\u017cliwo\u015b\u0107 niezale\u017cnie podr\u00f3\u017cuj\u0105cym znalezienia  prywatno\u015bci i mi\u0142ej atmosfery. Dom jest doskona\u0142\u0105 baz\u0105 wypadow\u0105, z  kt\u00f3rej mo\u017cna <strong>organizowa\u0107 wycieczki po\u0142\u0105czone ze zwiedzaniem<\/strong>, zrelaksowa\u0107 si\u0119, jak i do\u015bwiadczy\u0107 codziennego, <strong>tradycyjnego \u017cycia na toska\u0144skiej wsi<\/strong>.<\/p>\n<p>Nasz <strong>dom wakacyjny w Toskanii<\/strong> posiada 3 pokoje (kuchni\u0119, sypialni\u0119 z podw\u00f3jnym \u0142\u00f3\u017ckiem i pok\u00f3j dzienny, i \u0142azienk\u0119). Umeblowany jest w <strong>tradycyjnym toska\u0144skim stylu<\/strong> i zawiera zar\u00f3wno oryginalne elementy jak i nowe przedmioty.  Kuchnia  wyposa\u017cona jest we wszystkie niezb\u0119dne sprz\u0119ty (w\u0142\u0105czaj\u0105c zmywark\u0119 do  naczy\u0144) oraz dzia\u0142aj\u0105cy kominek.<\/p>\n<p><img loading=\"lazy\" decoding=\"async\" class=\"wp-image-1204 aligncenter\" src=\"http:\/\/www.casinadirosa.it\/wp-content\/uploads\/2022\/07\/kitchen01.jpg\" alt=\"\" width=\"600\" height=\"450\" srcset=\"https:\/\/www.casinadirosa.it\/wp-content\/uploads\/2022\/07\/kitchen01.jpg 800w, https:\/\/www.casinadirosa.it\/wp-content\/uploads\/2022\/07\/kitchen01-300x225.jpg 300w, https:\/\/www.casinadirosa.it\/wp-content\/uploads\/2022\/07\/kitchen01-768x576.jpg 768w, https:\/\/www.casinadirosa.it\/wp-content\/uploads\/2022\/07\/kitchen01-367x275.jpg 367w\" sizes=\"auto, (max-width: 600px) 100vw, 600px\" \/><\/p>\n<p>Dom znajduje si\u0119 w Civitella Marittima, niewielkiej wsi le\u017c\u0105cej na wzg\u00f3rzach pomi\u0119dzy <strong>Maremm\u0105<\/strong> a <strong>Sien\u0105<\/strong>.   Wie\u015b, kt\u00f3ra dzi\u015b jest domem dla 350 mieszka\u0144c\u00f3w, powsta\u0142a w czasach  etruskich, jednak okres \u015bwietno\u015bci i rozwoju przypada na czas  \u015bredniowiecza.<\/p>\n<p>Obszar otaczaj\u0105cy Civitella Marittima zosta\u0142 okre\u015blony mianem &#8222;<strong>Distretto Rurale Europeo<\/strong>&#8222;:  poniewa\u017c pozostaje jednym z niewielu obszar\u00f3w w Europie, w kt\u00f3rym  g\u0142\u00f3wnymi zasobami gospodarczym by\u0142y zasoby naturalne. Nieska\u017cone  \u015brodowisko tych teren\u00f3w powoduje, \u017ce jest to idealne miejsce na tych,  kt\u00f3rzy ceni\u0105 sobie wakacje na \u0142onie natury.<\/p>","protected":false},"excerpt":{"rendered":"<p>Czy widzia\u0142e\u015b ju\u017c nasze niesamowite oferty last minute na zakwaterowanie w Toskanii? Casina di Rosa jest domem wakacyjnym w Toskanii, kt\u00f3rego wynaj\u0119cie daje mo\u017cliwo\u015b\u0107 niezale\u017cnie podr\u00f3\u017cuj\u0105cym znalezienia prywatno\u015bci i mi\u0142ej atmosfery. Dom jest doskona\u0142\u0105 baz\u0105 wypadow\u0105, z kt\u00f3rej mo\u017cna organizowa\u0107 wycieczki po\u0142\u0105czone ze zwiedzaniem, zrelaksowa\u0107 si\u0119, jak i do\u015bwiadczy\u0107 codziennego, tradycyjnego \u017cycia na toska\u0144skiej wsi. [&hellip;]<\/p>\n","protected":false},"author":4,"featured_media":170,"parent":0,"menu_order":10,"comment_status":"closed","ping_status":"closed","template":"","meta":{"footnotes":""},"class_list":["post-9","page","type-page","status-publish","has-post-thumbnail","hentry"],"_links":{"self":[{"href":"https:\/\/www.casinadirosa.it\/pl\/wp-json\/wp\/v2\/pages\/9","targetHints":{"allow":["GET"]}}],"collection":[{"href":"https:\/\/www.casinadirosa.it\/pl\/wp-json\/wp\/v2\/pages"}],"about":[{"href":"https:\/\/www.casinadirosa.it\/pl\/wp-json\/wp\/v2\/types\/page"}],"author":[{"embeddable":true,"href":"https:\/\/www.casinadirosa.it\/pl\/wp-json\/wp\/v2\/users\/4"}],"replies":[{"embeddable":true,"href":"https:\/\/www.casinadirosa.it\/pl\/wp-json\/wp\/v2\/comments?post=9"}],"version-history":[{"count":33,"href":"https:\/\/www.casinadirosa.it\/pl\/wp-json\/wp\/v2\/pages\/9\/revisions"}],"predecessor-version":[{"id":1207,"href":"https:\/\/www.casinadirosa.it\/pl\/wp-json\/wp\/v2\/pages\/9\/revisions\/1207"}],"wp:featuredmedia":[{"embeddable":true,"href":"https:\/\/www.casinadirosa.it\/pl\/wp-json\/wp\/v2\/media\/170"}],"wp:attachment":[{"href":"https:\/\/www.casinadirosa.it\/pl\/wp-json\/wp\/v2\/media?parent=9"}],"curies":[{"name":"wp","href":"https:\/\/api.w.org\/{rel}","templated":true}]}}