{"id":17,"date":"2011-03-08T13:51:33","date_gmt":"2011-03-08T12:51:33","guid":{"rendered":"http:\/\/www.casinadirosa.it\/?page_id=17"},"modified":"2025-04-23T10:42:00","modified_gmt":"2025-04-23T08:42:00","slug":"vacation-house-tuscany","status":"publish","type":"page","link":"https:\/\/www.casinadirosa.it\/sv\/vacation-house-tuscany\/","title":{"rendered":"Huset"},"content":{"rendered":"<p>Casina di Rosa \u00e4r ett <strong>semesterhus i Toscana<\/strong> med anor fr\u00e5n slutet av 1800-talet d\u00e5 det byggdes alldeles utanf\u00f6r byns  murar och \u00e4r en av familjen Ardengheschis \u00e4dla byggnader.<\/p>\n<p><iframe loading=\"lazy\" width=\"650\" height=\"365,63\" src=\"https:\/\/www.youtube.com\/embed\/4qrozZiuqDU\" title=\"YouTube video player\" frameborder=\"0\" allow=\"accelerometer; autoplay; clipboard-write; encrypted-media; gyroscope; picture-in-picture\" allowfullscreen><\/iframe><\/p>\n<p>Semesterhuset \u00e4r <strong>helt sj\u00e4lvf\u00f6rs\u00f6rjande<\/strong> och har  nyligen renoverats. Det best\u00e5r av ett sovrum med dubbels\u00e4ng med en  loungedel d\u00e4r du hittar guideb\u00f6cker och informationsmaterial om omr\u00e5det,  ett fullt utrustat k\u00f6k, och ett badrum med duschkabin. Huset \u00e4r bekv\u00e4mt  m\u00f6blerat f\u00f6r <strong>2 g\u00e4ster<\/strong>, men sovrummet kan l\u00e4tt anpassas till <strong>3 personer<\/strong>. Huset \u00e4r perfekt f\u00f6r <strong>ett par<\/strong>! Vi har elv\u00e4rme och en <strong>romantisk<\/strong> \u00f6ppen spis f\u00f6r vinterhalv\u00e5ret och <strong>aircondition<\/strong> f\u00f6r sommarm\u00e5naderna.<\/p>\n<p><img loading=\"lazy\" decoding=\"async\" class=\"size-full wp-image-1208 aligncenter\" src=\"http:\/\/www.casinadirosa.it\/wp-content\/uploads\/2022\/07\/loggia-e1657983381342.jpg\" alt=\"\" width=\"650\" height=\"488\" \/><\/p>\n<h2>Sovrummet<\/h2>\n<p>Det mysiga sovrummet \u00e4r m\u00f6blerat med en <strong>king-sizes\u00e4ng<\/strong> i italiensk design, en <strong>stor garderob<\/strong> och en byr\u00e5 som g\u00e4sterna kan anv\u00e4nda. S\u00e4ngkl\u00e4der tillhandah\u00e5lls och  byts en g\u00e5ng i veckan. Fr\u00e5n sovrumsf\u00f6nstret kan g\u00e4sterna njuta av en  underbar utsikt \u00f6ver den toscanska landsbygden.<br \/>\n<img loading=\"lazy\" decoding=\"async\" src=\"http:\/\/www.casinadirosa.it\/wp-content\/uploads\/2022\/07\/IMG_8526-e1657983887668.jpg\" alt=\"\" width=\"650\" height=\"488\" class=\"alignleft size-full wp-image-1213\" \/><br \/>\nSovrummets loungedel \u00e4r m\u00f6blerad i rustik stil. D\u00e4r finns tv\u00e5 soffor,  varav en \u00e4r en b\u00e4ddsoffa, soffbord och en bokhylla med en samling av <strong>guideb\u00f6cker, kartor och broschyrer<\/strong> som v\u00e5ra g\u00e4ster kan l\u00e5na. Vi \u00e4r ocks\u00e5 med i ett <strong>bokbytarprogram<\/strong>, s\u00e5 g\u00e4sterna kan finna noveller och andra b\u00f6cker som andra resande har l\u00e4mnat kvar och som de kan byta mot sina egna b\u00f6cker. I sovrummet, hittar g\u00e4sterna ocks\u00e5 en <strong>TV med satellitkanaler<\/strong> och en stereo med IPod-spelare och radio.<\/p>\n<h2>Det v\u00e4lutrustade k\u00f6ket<\/h2>\n<p>Det varma k\u00f6ket \u00e4r <strong>fullt utrustat<\/strong> s\u00e5 att v\u00e5ra g\u00e4ster kan sk\u00f6ta sitt eget hush\u00e5ll. D\u00e4r finns en <strong>gasspis, elektrisk ugn<\/strong>,  kylsk\u00e5p med frysdel, br\u00f6drost och vattenkokare. Det finns \u00e4ven en  tv\u00e4ttmaskin h\u00e4r.  Vidare finns en \u00f6ppen spis av sten, n\u00e5got som g\u00f6r Casina di Rosa till  det perfekta valet f\u00f6r en romantisk semester. Inget \u00e4r b\u00e4ttre \u00e4n en lugn  middag framf\u00f6r brasan i &#8221;ditt hem n\u00e4r du \u00e4r hemifr\u00e5n&#8221;.<br \/>\n<img loading=\"lazy\" decoding=\"async\" src=\"http:\/\/www.casinadirosa.it\/wp-content\/uploads\/2022\/07\/IMG_3843-e1657984229689.jpg\" alt=\"\" width=\"650\" height=\"488\" class=\"alignleft size-full wp-image-1216\" \/><\/p>\n<h2>Badrummet<\/h2>\n<p>Badrummet \u00e4r nytt och utrustat med inredning av h\u00f6g standard: toalett, handfat bid\u00e9 och duschkabin. <strong>H\u00e5rtork<\/strong> och <strong>handdukar<\/strong> tillhandah\u00e5lls.<\/p>\n<p><img loading=\"lazy\" decoding=\"async\" src=\"http:\/\/www.casinadirosa.it\/wp-content\/uploads\/2022\/07\/Screenshot-2022-07-16-at-17.18.10-e1657984752243.png\" alt=\"\" width=\"650\" height=\"490\" class=\"alignleft size-full wp-image-1218\" \/><\/p>\n<h2>Loggian<\/h2>\n<p>Huset ligger i hj\u00e4rtat av en <strong>medeltida bergsby<\/strong>.  Alldeles utanf\u00f6r ytterd\u00f6rren finns en trevlig uteplats d\u00e4r g\u00e4sterna kan  sitta i Toscanas solsken och njuta av \u00e5synen av byns vardagsliv. <strong>Loggian<\/strong> (terrassen) utanf\u00f6r huset \u00e4r en perfekt plats att sitta utomhus.<\/p>\n<p><img loading=\"lazy\" decoding=\"async\" src=\"http:\/\/www.casinadirosa.it\/wp-content\/uploads\/2022\/07\/4729431543_9ea199731f_o-e1657985545716.jpg\" alt=\"\" width=\"650\" height=\"488\" class=\"alignleft size-full wp-image-1221\" \/><\/p>\n<h2>Bekv\u00e4mligheter i Casina di Rosa<\/h2>\n<p>Huset \u00e4r utrustat med:<\/p>\n<ul>\n<li>Satellit-TV<\/li>\n<li>DVD<\/li>\n<li>Stereo (IPod-dock, radio, Mp3)<\/li>\n<li>Tv\u00e4ttmaskin<\/li>\n<li>Strykj\u00e4rn och strykbr\u00e4da<\/li>\n<li>Vattenkokare<\/li>\n<li>Kaffebryggare<\/li>\n<li>Moka (espresso-kokare)<\/li>\n<li>Br\u00f6drost<\/li>\n<li>H\u00e5rtork<\/li>\n<li>El-element i badrummet<\/li>\n<li>Aircondition<\/li>\n<li>V\u00e4rme<\/li>\n<li>Internetuppkoppling (wi-fi)<\/li>\n<\/ul>\n<p><strong>S\u00e4nglinne och handdukar<\/strong> till k\u00f6ket och badrummet tillhandah\u00e5lls och byts en g\u00e5ng i veckan. Vid ankomsten f\u00e5r g\u00e4sterna en <strong>v\u00e4lkomstkorg<\/strong> med basmatvaror och lokala produkter.<\/p>\n<p>Ett urval av <strong>guideb\u00f6cker och kartor<\/strong> finns till  g\u00e4sterna f\u00f6rfogande. Du kan l\u00e5na v\u00e5ra eller k\u00f6pa nya guideb\u00f6cker online  innan du \u00e5ker. Vi har valt ut de b\u00e4sta guideb\u00f6ckerna om Toscana \u00e5t v\u00e5ra  g\u00e4ster.<\/p>\n<p><strong>Delta i <a href=\"http:\/\/www.bookcrossing.se\/\">bokbyte<\/a>!<\/strong> Du f\u00e5r g\u00e4rna ta med dig de b\u00f6cker du hittar i v\u00e5rt bibliotek (<strong>bara fiktion, inte guideb\u00f6ckerna<\/strong>)!  Du kan beh\u00e5lla de romaner du hittar d\u00e4r, men du m\u00e5ste l\u00e4mna kvar lika  m\u00e5nga andra b\u00f6cker i deras st\u00e4lle. B\u00f6ckerna m\u00e5ste ocks\u00e5 vara p\u00e5 samma  spr\u00e5k som de du tagit.<\/p>","protected":false},"excerpt":{"rendered":"<p>Casina di Rosa \u00e4r ett semesterhus i Toscana med anor fr\u00e5n slutet av 1800-talet d\u00e5 det byggdes alldeles utanf\u00f6r byns murar och \u00e4r en av familjen Ardengheschis \u00e4dla byggnader. Semesterhuset \u00e4r helt sj\u00e4lvf\u00f6rs\u00f6rjande och har nyligen renoverats. Det best\u00e5r av ett sovrum med dubbels\u00e4ng med en loungedel d\u00e4r du hittar guideb\u00f6cker och informationsmaterial om omr\u00e5det, [&hellip;]<\/p>\n","protected":false},"author":4,"featured_media":194,"parent":0,"menu_order":20,"comment_status":"closed","ping_status":"closed","template":"","meta":{"footnotes":""},"class_list":["post-17","page","type-page","status-publish","has-post-thumbnail","hentry"],"_links":{"self":[{"href":"https:\/\/www.casinadirosa.it\/sv\/wp-json\/wp\/v2\/pages\/17","targetHints":{"allow":["GET"]}}],"collection":[{"href":"https:\/\/www.casinadirosa.it\/sv\/wp-json\/wp\/v2\/pages"}],"about":[{"href":"https:\/\/www.casinadirosa.it\/sv\/wp-json\/wp\/v2\/types\/page"}],"author":[{"embeddable":true,"href":"https:\/\/www.casinadirosa.it\/sv\/wp-json\/wp\/v2\/users\/4"}],"replies":[{"embeddable":true,"href":"https:\/\/www.casinadirosa.it\/sv\/wp-json\/wp\/v2\/comments?post=17"}],"version-history":[{"count":35,"href":"https:\/\/www.casinadirosa.it\/sv\/wp-json\/wp\/v2\/pages\/17\/revisions"}],"predecessor-version":[{"id":1283,"href":"https:\/\/www.casinadirosa.it\/sv\/wp-json\/wp\/v2\/pages\/17\/revisions\/1283"}],"wp:featuredmedia":[{"embeddable":true,"href":"https:\/\/www.casinadirosa.it\/sv\/wp-json\/wp\/v2\/media\/194"}],"wp:attachment":[{"href":"https:\/\/www.casinadirosa.it\/sv\/wp-json\/wp\/v2\/media?parent=17"}],"curies":[{"name":"wp","href":"https:\/\/api.w.org\/{rel}","templated":true}]}}