{"id":22,"date":"2011-03-08T14:09:11","date_gmt":"2011-03-08T13:09:11","guid":{"rendered":"http:\/\/www.casinadirosa.it\/?page_id=22"},"modified":"2022-07-16T18:04:02","modified_gmt":"2022-07-16T16:04:02","slug":"southern-tuscany","status":"publish","type":"page","link":"https:\/\/www.casinadirosa.it\/sv\/southern-tuscany\/","title":{"rendered":"S\u00f6dra Toscana"},"content":{"rendered":"<p><strong>S\u00f6dra Toscana<\/strong> \u00e4r ett av de <strong>vackraste omr\u00e5dena i Italien<\/strong> och ett av de popul\u00e4raste. Dess <strong>m\u00e5nlandskap portr\u00e4tteras<\/strong> i de flesta guideb\u00f6cker, p\u00e5 vykort och kalendrar fr\u00e5n <strong>Toscana<\/strong>. Dess <strong>mjuka kullar<\/strong>, v\u00e4garna kantade av <strong>cypresser<\/strong>, <strong>lantsortskyrkorna<\/strong>, de vackra <strong>stenhusen<\/strong>, de <strong>medeltida bergsst\u00e4derna<\/strong> och de antika <strong>klostren<\/strong>.<\/p>\n<p><img loading=\"lazy\" decoding=\"async\" class=\"size-full wp-image-1228 aligncenter\" src=\"http:\/\/www.casinadirosa.it\/wp-content\/uploads\/2022\/07\/IMG_0701-e1657987184714.jpg\" alt=\"\" width=\"650\" height=\"489\" srcset=\"https:\/\/www.casinadirosa.it\/wp-content\/uploads\/2022\/07\/IMG_0701-e1657987184714.jpg 650w, https:\/\/www.casinadirosa.it\/wp-content\/uploads\/2022\/07\/IMG_0701-e1657987184714-300x226.jpg 300w, https:\/\/www.casinadirosa.it\/wp-content\/uploads\/2022\/07\/IMG_0701-e1657987184714-366x275.jpg 366w\" sizes=\"auto, (max-width: 650px) 100vw, 650px\" \/><\/p>\n<p>De st\u00f6rsta st\u00e4derna i s\u00f6dra Toscana \u00e4r <strong>Siena<\/strong> och <strong>Grosseto<\/strong>. De popul\u00e4raste omr\u00e5dena \u00e4r <strong>Val d&#8217;Orcia<\/strong> med ber\u00f6mda st\u00e4der som Montalcino, Pienza, och Montepulciano, och <strong>Crete Senesi<\/strong> med st\u00e4der som Asciano och San Giovanni d&#8217;Asso som \u00e4r ber\u00f6md f\u00f6r sin tryffeljakt.<\/p>\n<p>Dessa \u00e4r inte de enda vackra platserna i s\u00f6dra Toscana, utan det  finns m\u00e5nga andra intressanta platser som \u00e4r v\u00e4rda ett bes\u00f6k. Bara f\u00f6r  att n\u00e4mna n\u00e5gra i <strong>Siena-omr\u00e5det<\/strong>:<\/p>\n<ul>\n<li><strong>Val di Merse<\/strong> med v\u00e4lbevarade medeltida byar s\u00e5som Chiusdino och Monticiano och arkitektoniska skatter som Abbey of San Galgano;<\/li>\n<li>Skogarna och kullarna i &#8221;<strong>montagnola senese<\/strong>&#8221; vilket inkluderar vackra st\u00e4der som Monteriggioni och str\u00e4cker sig \u00e4nda till Volterra;<\/li>\n<li><strong>Gr\u00e4nsomr\u00e5det till Umbrien<\/strong> med vackra st\u00e4der som Cortona, som blev k\u00e4nd tack vare Frances Mayes bok &#8221;Under the Tuscan Sun&#8221;.<\/li>\n<\/ul>\n<p>I <strong>Grosseto-provinsen<\/strong> \u00e4r den popul\u00e4raste platsen att bes\u00f6ka <strong>Maremma<\/strong> och dess <strong>kust<\/strong>, med <strong>soldr\u00e4nkta str\u00e4nder<\/strong>, livliga kustst\u00e4der, <strong>lugna vikar<\/strong>, stora barrtr\u00e4dsskogar och de m\u00e5nga \u00f6arna i <strong>Toscanas sk\u00e4rg\u00e5rd<\/strong>.<br \/>\n<img loading=\"lazy\" decoding=\"async\" src=\"http:\/\/www.casinadirosa.it\/wp-content\/uploads\/2022\/07\/IMG_4564-e1657986622457.jpg\" alt=\"\" width=\"650\" height=\"488\" class=\"alignleft size-full wp-image-1225\" \/><br \/>\nAndra intressanta omr\u00e5den \u00e4r de <strong>etruskiska st\u00e4derna<\/strong> Pitigliano, Sovana och Sorano, byggda av &#8221;<strong>tufo<\/strong>&#8221; vulkaniskt material, och de <strong>naturliga varma k\u00e4llorna<\/strong> som finns p\u00e5 flera platser i s\u00f6dra Toscana. Bara f\u00f6r att n\u00e4mna tv\u00e5, de <strong>varma k\u00e4llorna i Petriolo<\/strong> och <strong>varmbaden i Saturnia<\/strong> ger dig en of\u00f6rgl\u00f6mlig m\u00f6jlighet att slappna av och f\u00f6ryngras p\u00e5 den of\u00f6rst\u00f6rda landsbygden i \u00f6vre Maremma.<\/p>\n<p>Maremma \u00e4r ocks\u00e5 hem f\u00f6r <strong>v\u00e4rldsarvsst\u00e4der<\/strong> s\u00e5som Massa Marittima, byarna Pari och Roccatederighi, och <strong>slotten<\/strong> Monte Antico och Porrona.<\/p>\n<p><strong>Monte Amiata<\/strong> ger resande m\u00f6jlighet att uppt\u00e4cka en helt annan sida av Toscana. Det \u00e4r <strong>regionens h\u00f6gsta berg<\/strong> och dess sluttningar \u00e4r t\u00e4ckta av kastanjetr\u00e4d och boktr\u00e4d. I  \u00e5rhundraden har bergsbefolkningen levt f\u00f6rh\u00e5llandevis isolerade fr\u00e5n  m\u00e4nniskorna p\u00e5 sl\u00e4tterna och byarna och bergslandskapet b\u00e4r sp\u00e5r av  sv\u00e5righeterna med att bo i bergen. P\u00e5 <strong>sommaren<\/strong> blir de tysta skogarna p\u00e5 bergstopparna en behaglig tillflyktsort fr\u00e5n sommarv\u00e4rmen och fr\u00e5n vardagens hektiska liv. P\u00e5 <strong>vintern<\/strong> ger bergen m\u00e5nga m\u00f6jligheter att roa sig, b\u00e5de i byarna och i <strong>skidbackarna<\/strong>.<\/p>\n<h2>Den perfekta basen i s\u00f6dra Toscana<\/h2>\n<p>Casina di Rosa ligger <strong>Civitella Marittima<\/strong>, en  medeltida bergsby i hj\u00e4rtat av s\u00f6dra Toscana. Till skillnad fr\u00e5n m\u00e5nga  andra platser s\u00e5 \u00e4r Civitella l\u00e4mplig bas f\u00f6r att utforska var <strong>och en av dessa omr\u00e5den i Toscana<\/strong>, eftersom man l\u00e4tt kan ta sig till huvudleden som g\u00e5r genom s\u00f6dra Toscana, motorv\u00e4g <strong>SS223-E78<\/strong>.<\/p>\n<p>Dessutom ligger byn <strong>lika l\u00e5ngt<\/strong> fr\u00e5n <strong>Siena<\/strong> och <strong>Maremmas kust<\/strong>,  fr\u00e5n Monte Amiata och Massa Marittima, fr\u00e5n Val d&#8217;Orcia och Val di  Merse, fr\u00e5n det etruskiska omr\u00e5det och Chiantiomr\u00e5det.  Av den  anledningen planerar vi dagsturer och v\u00e5ra g\u00e4ster beh\u00f6ver inte v\u00e4lja ett  omr\u00e5de i s\u00f6dra Toscana \u00f6ver ett annat eftersom de <strong>flesta platser kan n\u00e5s p\u00e5 mellan 30 och 50 minuter<\/strong>.  Det finns mer \u00e4n tillr\u00e4ckligt att se f\u00f6r att fylla tv\u00e5 hela veckor  eller mer: detta i kombination med den omsorg med vilken vi tar hand om  v\u00e5ra kunder \u00e4r anledningen till att s\u00e5 m\u00e5nga av dem \u00e5terv\u00e4nder till  Casina di Rosa \u00e5r efter \u00e5r.<\/p>","protected":false},"excerpt":{"rendered":"<p>S\u00f6dra Toscana \u00e4r ett av de vackraste omr\u00e5dena i Italien och ett av de popul\u00e4raste. Dess m\u00e5nlandskap portr\u00e4tteras i de flesta guideb\u00f6cker, p\u00e5 vykort och kalendrar fr\u00e5n Toscana. Dess mjuka kullar, v\u00e4garna kantade av cypresser, lantsortskyrkorna, de vackra stenhusen, de medeltida bergsst\u00e4derna och de antika klostren. De st\u00f6rsta st\u00e4derna i s\u00f6dra Toscana \u00e4r Siena och [&hellip;]<\/p>\n","protected":false},"author":4,"featured_media":174,"parent":0,"menu_order":30,"comment_status":"closed","ping_status":"closed","template":"","meta":{"footnotes":""},"class_list":["post-22","page","type-page","status-publish","has-post-thumbnail","hentry"],"_links":{"self":[{"href":"https:\/\/www.casinadirosa.it\/sv\/wp-json\/wp\/v2\/pages\/22","targetHints":{"allow":["GET"]}}],"collection":[{"href":"https:\/\/www.casinadirosa.it\/sv\/wp-json\/wp\/v2\/pages"}],"about":[{"href":"https:\/\/www.casinadirosa.it\/sv\/wp-json\/wp\/v2\/types\/page"}],"author":[{"embeddable":true,"href":"https:\/\/www.casinadirosa.it\/sv\/wp-json\/wp\/v2\/users\/4"}],"replies":[{"embeddable":true,"href":"https:\/\/www.casinadirosa.it\/sv\/wp-json\/wp\/v2\/comments?post=22"}],"version-history":[{"count":48,"href":"https:\/\/www.casinadirosa.it\/sv\/wp-json\/wp\/v2\/pages\/22\/revisions"}],"predecessor-version":[{"id":1231,"href":"https:\/\/www.casinadirosa.it\/sv\/wp-json\/wp\/v2\/pages\/22\/revisions\/1231"}],"wp:featuredmedia":[{"embeddable":true,"href":"https:\/\/www.casinadirosa.it\/sv\/wp-json\/wp\/v2\/media\/174"}],"wp:attachment":[{"href":"https:\/\/www.casinadirosa.it\/sv\/wp-json\/wp\/v2\/media?parent=22"}],"curies":[{"name":"wp","href":"https:\/\/api.w.org\/{rel}","templated":true}]}}