{"id":36,"date":"2011-03-08T15:04:02","date_gmt":"2011-03-08T14:04:02","guid":{"rendered":"http:\/\/www.casinadirosa.it\/?page_id=36"},"modified":"2011-05-25T10:11:54","modified_gmt":"2011-05-25T09:11:54","slug":"tuscany-map","status":"publish","type":"page","link":"https:\/\/www.casinadirosa.it\/sv\/vacation-house-tuscany\/tuscany-map\/","title":{"rendered":"Hur hittar du oss"},"content":{"rendered":"<p><strong>Fr\u00e5n Florens:<\/strong> K\u00f6r av motorv\u00e4gen vid Firenze Certosa och k\u00f6r i riktning mot Siena. N\u00e4r  du n\u00e5tt Siena, f\u00f6lj SS 223 mot Grosseto. Efter 35 km ser du avfarten  till Civitella Marittima.<\/p>\n<p><strong>Fr\u00e5n Rom:<\/strong> F\u00f6lj skyltarna mot Civitavecchia\/Grosseto  och forts\u00e4tt mot Grosseto. N\u00e4r du har kommit till Grosseto, ta SS 223  mot Siena. Efter 30 km ser du avfarten till Civitella Marittima.<\/p>\n<p><strong>Fr\u00e5n Pisa:<\/strong> Ta motorv\u00e4gen A 12 (Genova\/Civitavecchia)  mot Livorno. Vid motorv\u00e4gens slut forts\u00e4tt l\u00e4ngs Aurelia mot Grosseto.  K\u00f6r av vid Gavorrano Scalo och f\u00f6lj skyltarna mot Montemassi och sedan  Roccastrada. N\u00e4r du kommer till Roccastrada, forts\u00e4tt mot Civitella  Marittima, bara 12 km bort.<\/p>\n<p>\n    <div id=\"GoogleMapWrap\" style=\"width:650px;height:400px;\"><\/div>\n\t\n    \n\n    <script type=\"text\/javascript\">\n\n\t\tvar latlng = new google.maps.LatLng(42.996871269092985, 11.283060908317566);\n\t\tvar myOptions = {\n\t\t\tzoom: 14,\n\t\t\tcenter: latlng,\n\t\t\tscrollwheel: true,\n\t\t\tscaleControl: false,\n\t\t\tdisableDefaultUI: false,\n\t\t\tmapTypeId: google.maps.MapTypeId.ROADMAP\n\t\t};\n\t\tvar GoogleMapWrap = new google.maps.Map(document.getElementById(\"GoogleMapWrap\"),\n\t\tmyOptions);\n\t\t\n\t\t\t\tvar marker = new google.maps.Marker({\n\t\t\t\tmap: GoogleMapWrap, \n\t\t\t\t\n\t\t\t\tposition: GoogleMapWrap.getCenter()\n\t\t\t});\n\t\t\t<\/script><\/p>","protected":false},"excerpt":{"rendered":"<p>Fr\u00e5n Florens: K\u00f6r av motorv\u00e4gen vid Firenze Certosa och k\u00f6r i riktning mot Siena. N\u00e4r du n\u00e5tt Siena, f\u00f6lj SS 223 mot Grosseto. Efter 35 km ser du avfarten till Civitella Marittima. Fr\u00e5n Rom: F\u00f6lj skyltarna mot Civitavecchia\/Grosseto och forts\u00e4tt mot Grosseto. N\u00e4r du har kommit till Grosseto, ta SS 223 mot Siena. Efter 30 [&hellip;]<\/p>\n","protected":false},"author":4,"featured_media":195,"parent":17,"menu_order":200,"comment_status":"closed","ping_status":"closed","template":"","meta":{"footnotes":""},"class_list":["post-36","page","type-page","status-publish","has-post-thumbnail","hentry"],"_links":{"self":[{"href":"https:\/\/www.casinadirosa.it\/sv\/wp-json\/wp\/v2\/pages\/36","targetHints":{"allow":["GET"]}}],"collection":[{"href":"https:\/\/www.casinadirosa.it\/sv\/wp-json\/wp\/v2\/pages"}],"about":[{"href":"https:\/\/www.casinadirosa.it\/sv\/wp-json\/wp\/v2\/types\/page"}],"author":[{"embeddable":true,"href":"https:\/\/www.casinadirosa.it\/sv\/wp-json\/wp\/v2\/users\/4"}],"replies":[{"embeddable":true,"href":"https:\/\/www.casinadirosa.it\/sv\/wp-json\/wp\/v2\/comments?post=36"}],"version-history":[{"count":16,"href":"https:\/\/www.casinadirosa.it\/sv\/wp-json\/wp\/v2\/pages\/36\/revisions"}],"predecessor-version":[{"id":523,"href":"https:\/\/www.casinadirosa.it\/sv\/wp-json\/wp\/v2\/pages\/36\/revisions\/523"}],"up":[{"embeddable":true,"href":"https:\/\/www.casinadirosa.it\/sv\/wp-json\/wp\/v2\/pages\/17"}],"wp:featuredmedia":[{"embeddable":true,"href":"https:\/\/www.casinadirosa.it\/sv\/wp-json\/wp\/v2\/media\/195"}],"wp:attachment":[{"href":"https:\/\/www.casinadirosa.it\/sv\/wp-json\/wp\/v2\/media?parent=36"}],"curies":[{"name":"wp","href":"https:\/\/api.w.org\/{rel}","templated":true}]}}