{"id":38,"date":"2011-03-08T15:47:15","date_gmt":"2011-03-08T14:47:15","guid":{"rendered":"http:\/\/www.casinadirosa.it\/?page_id=38"},"modified":"2011-06-05T18:57:17","modified_gmt":"2011-06-05T16:57:17","slug":"travel-deals-tuscany","status":"publish","type":"page","link":"https:\/\/www.casinadirosa.it\/sv\/vacation-house-tuscany\/travel-deals-tuscany\/","title":{"rendered":"Specialerbjudanden"},"content":{"rendered":"<p>Vem har  sagt att en semester i Toscana m\u00e5ste vara dyr? Hyr ett hus i Maremma och  dra f\u00f6rdel av v\u00e5ra specialerbjudanden \u2013 ett fantastiskt alternativ till  dyra hotell och bondg\u00e5rdssemester. Ta reda p\u00e5 vilka v\u00e5ra senaste  semestererbjudanden f\u00f6r Toscana \u00e4r!<\/p>\n<p>Under l\u00e5gs\u00e4songen kan du uppleva allt Toscana har att erbjuda, fr\u00e5n  varma bad och vackra landskap till underbar mat och fantastiska viner,  och spendera mindre under tiden du avnjuter detta.<\/p>\n<p>Casina di Rosa, semesterhus i Toscanas Maremma, har satt ihop ett  specialerbjudande f\u00f6r din semester i Toscana: \u201dGlada veckor\u201d och \u201dSista  minuten-erbjudanden\u201d.<\/p>\n<p>Varje m\u00e5nad erbjuder vi en vecka till reducerat pris, du sparar 25 %  p\u00e5 det ordinarie priset. Sista minuten-semester i Toscana, \u201dearly  bird\u201d-erbjudanden f\u00f6r logi n\u00e4ra Siena, fyndpriser p\u00e5 din semesterhyra i  \u00f6vre Maremma! Detta och mer finner du i v\u00e5r avdelning f\u00f6r  rese-erbjudanden!!<\/p>\n<p>Och om du \u00e4nd\u00e5 tvekar, l\u00e4s recensionerna som v\u00e5ra g\u00e4ster har skrivit eller kontakta oss!<\/p>\n<p><div id=\"offers\">\n<div id=\"offer-1274\" class=\"offer-item\">\n<h2>(EN) St. Patrick&#8217;s Day Special!<\/h2>\n<p class=\"qtranxs-available-languages-message qtranxs-available-languages-message-sv\">Tyv\u00e4rr \u00e4r denna artikel enbart tillg\u00e4nglig p\u00e5 <a href=\"https:\/\/www.casinadirosa.it\/en\/wp-json\/wp\/v2\/pages\/38\" class=\"qtranxs-available-language-link qtranxs-available-language-link-en\" title=\"EN\">EN<\/a>.<\/p>\n<\/div>\n<\/div>\n<\/p>","protected":false},"excerpt":{"rendered":"<p>Vem har sagt att en semester i Toscana m\u00e5ste vara dyr? Hyr ett hus i Maremma och dra f\u00f6rdel av v\u00e5ra specialerbjudanden \u2013 ett fantastiskt alternativ till dyra hotell och bondg\u00e5rdssemester. Ta reda p\u00e5 vilka v\u00e5ra senaste semestererbjudanden f\u00f6r Toscana \u00e4r! Under l\u00e5gs\u00e4songen kan du uppleva allt Toscana har att erbjuda, fr\u00e5n varma bad och [&hellip;]<\/p>\n","protected":false},"author":4,"featured_media":199,"parent":17,"menu_order":300,"comment_status":"closed","ping_status":"closed","template":"","meta":{"footnotes":""},"class_list":["post-38","page","type-page","status-publish","has-post-thumbnail","hentry"],"_links":{"self":[{"href":"https:\/\/www.casinadirosa.it\/sv\/wp-json\/wp\/v2\/pages\/38","targetHints":{"allow":["GET"]}}],"collection":[{"href":"https:\/\/www.casinadirosa.it\/sv\/wp-json\/wp\/v2\/pages"}],"about":[{"href":"https:\/\/www.casinadirosa.it\/sv\/wp-json\/wp\/v2\/types\/page"}],"author":[{"embeddable":true,"href":"https:\/\/www.casinadirosa.it\/sv\/wp-json\/wp\/v2\/users\/4"}],"replies":[{"embeddable":true,"href":"https:\/\/www.casinadirosa.it\/sv\/wp-json\/wp\/v2\/comments?post=38"}],"version-history":[{"count":25,"href":"https:\/\/www.casinadirosa.it\/sv\/wp-json\/wp\/v2\/pages\/38\/revisions"}],"predecessor-version":[{"id":779,"href":"https:\/\/www.casinadirosa.it\/sv\/wp-json\/wp\/v2\/pages\/38\/revisions\/779"}],"up":[{"embeddable":true,"href":"https:\/\/www.casinadirosa.it\/sv\/wp-json\/wp\/v2\/pages\/17"}],"wp:featuredmedia":[{"embeddable":true,"href":"https:\/\/www.casinadirosa.it\/sv\/wp-json\/wp\/v2\/media\/199"}],"wp:attachment":[{"href":"https:\/\/www.casinadirosa.it\/sv\/wp-json\/wp\/v2\/media?parent=38"}],"curies":[{"name":"wp","href":"https:\/\/api.w.org\/{rel}","templated":true}]}}