{"id":64,"date":"2011-03-08T19:38:57","date_gmt":"2011-03-08T18:38:57","guid":{"rendered":"http:\/\/www.casinadirosa.it\/?page_id=64"},"modified":"2022-07-16T18:06:18","modified_gmt":"2022-07-16T16:06:18","slug":"civitella-marittima","status":"publish","type":"page","link":"https:\/\/www.casinadirosa.it\/sv\/southern-tuscany\/civitella-marittima\/","title":{"rendered":"Byn Civitella Marittima"},"content":{"rendered":"<p><\/p>\n<h1><\/h1>\n<p><strong>Civitella Marittima<\/strong> \u00e4r en <strong>medeltida bergsby<\/strong> som ligger i \u00f6vre <strong>Maremma<\/strong>, mellan <strong>Siena<\/strong> och havet. Detta \u00e4r ett av de f\u00e5 omr\u00e5den i Italien d\u00e4r naturen  fortfarande regerar. Byn \u00e4r hem f\u00f6r 350 personer och kan erbjuda all  viktiga tj\u00e4nster.<\/p>\n<h2>Tj\u00e4nster som finns tillg\u00e4ngliga i byn<\/h2>\n<p>Det finns <strong>tv\u00e5 banker<\/strong> och en av dem har en <strong>uttagsautomat\/ATM<\/strong>, en <strong>mataff\u00e4r<\/strong>, 2 <strong>bagerier<\/strong> och flera andra butiker (<strong>blomsterhandel<\/strong>, presentbutik, keramiker, tobaksaff\u00e4r, tidningskiosk, slaktare, <strong>f\u00e4rsk pasta<\/strong>, etc.). I byn finns ocks\u00e5 ett <strong>postkontor<\/strong>, <strong>apotek<\/strong> och <strong>l\u00e4karmottagning<\/strong>. I byns centrum finns en <strong>utm\u00e4rkt restaurang<\/strong> och tv\u00e5 <strong>barer<\/strong> och mindre \u00e4n 2 km bort finns ytterligare <strong>restauranger\/pizzerior<\/strong>.<\/p>\n<p>N\u00e5gra steg fr\u00e5n huset finns en <strong>stor allm\u00e4n park<\/strong> d\u00e4r det \u00e4r perfekt att g\u00e5 <strong>med hunden<\/strong> eller bara slappna av p\u00e5 en av b\u00e4nkarna i skuggan av kastanjetr\u00e4den.<\/p>\n<h2>Omgivningarna<\/h2>\n<p>De tv\u00e5 n\u00e4rmsta byarna (<strong>Paganico<\/strong> 7km och <strong>Roccastrada<\/strong> 13km) har sm\u00e5 <strong>shoppingcenter<\/strong>, <strong>supermarkets<\/strong> och \u00e5tskilliga <strong>resturanger<\/strong> och <strong>pizzerior<\/strong> som serverar b\u00e5de k\u00f6tt- och fiskr\u00e4tter.<\/p>\n<p>Tillsammans med de <strong>andra byarna i omr\u00e5det<\/strong> (Pari, Casal di Pari, Monte Antico, och Dogana), ger de dig m\u00f6jlighet att utforska platser med en exceptionell <strong>sk\u00f6nhet<\/strong> som inte finns p\u00e5 vanliga turistorter. Detta \u00e4r ett unikt s\u00e4tt att uppt\u00e4cka och uppleva det verkliga Toscana.<\/p>\n<p>Casina di Rosa \u00e4r ocks\u00e5 en <strong>idealisk startpunkt<\/strong> f\u00f6r en turn\u00e9 genom det <strong>utm\u00e4rkta k\u00f6ket<\/strong> och de lokala produkter som <strong>Toscanas Maremma<\/strong> och <strong>s\u00f6dra Toscana<\/strong> har att erbjuda.<\/p>\n<h2>&#8221;Sagra&#8221; och andra aktiviteter som anordnas i byn<\/h2>\n<p>Sj\u00e4lva byn Civitella Marittima erbjuder en rad olika m\u00f6jligheter under \u00e5ret. P\u00e5 helgerna <strong>under juni och juli<\/strong> organiserar byns kulturf\u00f6rening &#8221;<strong>Middagar under stj\u00e4rnorna<\/strong>&#8221;, en rad utomhusmiddagar d\u00e4r det serveras en ny lokal specialitet varje vecka.<\/p>\n<p>Sista veckan i <strong>augusti<\/strong> firar byn &#8221;<strong>Sagra dell&#8217;Alta Maremma<\/strong>&#8221;, en festival med musik och dans, konst och hantverk och naturligtvis god mat.<\/p>\n<p>Dessutom s\u00e5 firar man <strong>i november<\/strong> den nya olivoljan och h\u00f6stblommorna med &#8221;Festa del Buco Unto&#8221;, en \u00e5rlig <strong>olivoljefestival<\/strong>.<\/p>","protected":false},"excerpt":{"rendered":"<p>Civitella Marittima \u00e4r en medeltida bergsby som ligger i \u00f6vre Maremma, mellan Siena och havet. Detta \u00e4r ett av de f\u00e5 omr\u00e5den i Italien d\u00e4r naturen fortfarande regerar. Byn \u00e4r hem f\u00f6r 350 personer och kan erbjuda all viktiga tj\u00e4nster. Tj\u00e4nster som finns tillg\u00e4ngliga i byn Det finns tv\u00e5 banker och en av dem har [&hellip;]<\/p>\n","protected":false},"author":4,"featured_media":190,"parent":22,"menu_order":100,"comment_status":"closed","ping_status":"closed","template":"","meta":{"footnotes":""},"class_list":["post-64","page","type-page","status-publish","has-post-thumbnail","hentry"],"_links":{"self":[{"href":"https:\/\/www.casinadirosa.it\/sv\/wp-json\/wp\/v2\/pages\/64","targetHints":{"allow":["GET"]}}],"collection":[{"href":"https:\/\/www.casinadirosa.it\/sv\/wp-json\/wp\/v2\/pages"}],"about":[{"href":"https:\/\/www.casinadirosa.it\/sv\/wp-json\/wp\/v2\/types\/page"}],"author":[{"embeddable":true,"href":"https:\/\/www.casinadirosa.it\/sv\/wp-json\/wp\/v2\/users\/4"}],"replies":[{"embeddable":true,"href":"https:\/\/www.casinadirosa.it\/sv\/wp-json\/wp\/v2\/comments?post=64"}],"version-history":[{"count":8,"href":"https:\/\/www.casinadirosa.it\/sv\/wp-json\/wp\/v2\/pages\/64\/revisions"}],"predecessor-version":[{"id":1232,"href":"https:\/\/www.casinadirosa.it\/sv\/wp-json\/wp\/v2\/pages\/64\/revisions\/1232"}],"up":[{"embeddable":true,"href":"https:\/\/www.casinadirosa.it\/sv\/wp-json\/wp\/v2\/pages\/22"}],"wp:featuredmedia":[{"embeddable":true,"href":"https:\/\/www.casinadirosa.it\/sv\/wp-json\/wp\/v2\/media\/190"}],"wp:attachment":[{"href":"https:\/\/www.casinadirosa.it\/sv\/wp-json\/wp\/v2\/media?parent=64"}],"curies":[{"name":"wp","href":"https:\/\/api.w.org\/{rel}","templated":true}]}}