{"id":66,"date":"2011-03-09T03:41:58","date_gmt":"2011-03-09T02:41:58","guid":{"rendered":"http:\/\/www.casinadirosa.it\/?page_id=66"},"modified":"2017-07-23T18:19:43","modified_gmt":"2017-07-23T16:19:43","slug":"maremma","status":"publish","type":"page","link":"https:\/\/www.casinadirosa.it\/sv\/southern-tuscany\/maremma\/","title":{"rendered":"Maremma"},"content":{"rendered":"<p><\/p>\n<h2>\u00d6vre Maremma: en fantastisk plats mellan Siena och havet<\/h2>\n<p>Casina di Rosa ligger i Civitella Marittima, en <strong>medeltida bergsby i \u00f6vre Maremma<\/strong>.  P\u00e5 grund av sitt l\u00e4ge kopplas Civitella ibland ihop med <strong>Siena<\/strong>, och dess landskap, slott och traditioner, och ibland med <strong>Maremma<\/strong>, med sina naturmilj\u00f6er, kusten och havet.<\/p>\n<p>Omr\u00e5det omkring byn \u00e4r k\u00e4nt som <strong>\u00f6vre Maremma<\/strong>. Det namnet \u00e4r mycket l\u00e4mpligt f\u00f6r den h\u00e4r regionen, vilken, d\u00e5 den ligger mitt emellan <strong>Sienas<\/strong> kullar och <strong>Maremmas<\/strong> sl\u00e4tter har karakt\u00e4rsdrag fr\u00e5n b\u00e5da platserna. Byn, som best\u00e5r av stenhus som balanserar uppe p\u00e5 bergstoppen och ser ut \u00f6ver <strong>Monte Amiata<\/strong> och <strong>Val d&#8217;Orcias<\/strong> kullar, delar vissa karakt\u00e4rsdrag med de byar som traditionellt utvecklades under <strong>Sienas<\/strong> beskydd. Samtidigt k\u00e4nner byns innev\u00e5nare att de tillh\u00f6r <strong>Maremma<\/strong>, och <strong>Grossetano-omr\u00e5det<\/strong>, med vilka de delar b\u00e5de dialekt och kulturella och kulinariska traditioner.  Denna position p\u00e5 gr\u00e4nsen mellan tv\u00e5 v\u00e4rldar, <strong>Siena och Maremma<\/strong>, representerar byns och dess omgivningars essens.<\/p>\n<p>Toscanas reseguider har ofta bortsett fr\u00e5n det omr\u00e5de som kommunen  Civitella Paganico omfattar och de festa forts\u00e4tter att g\u00f6ra s\u00e5, och p\u00e5  s\u00e5 s\u00e4tt garanteras bevarandet av den <strong>genuina naturen<\/strong>, men det minskar ocks\u00e5 folks medvetenhet om en av de <strong>b\u00e4st placerade och b\u00e4st bevarade h\u00f6rnen i s\u00f6dra Toscana<\/strong>. Om man tittar p\u00e5 kartorna som finns i de flesta turistguider s\u00e5 ser vi att trots att Civitella Marittima ofta finns i <strong>m\u00f6tespunkten<\/strong> mellan olika intressanta omr\u00e5den, med n\u00e5gra f\u00e5 undantag, s\u00e5 s\u00e4gs v\u00e4ldigt lite om sj\u00e4lva omr\u00e5det.<\/p>\n<p>Men det h\u00e4r omr\u00e5det \u00e4r hem till en <strong>kyrka<\/strong> som kan dateras till \u00e5r 1000 och det korsades i \u00e5rhundraden av karavaner som f\u00e4rdades mellan <strong>Siena<\/strong> och <strong>kusten<\/strong> med salt och andra viktiga varor. <strong>Staden Paganicos murar<\/strong>, som \u00e4r byggda i \u00e4kta Siensisk stil \u00e4r, tillsammans med de i <strong>Monteriggioni<\/strong>, de enda i omr\u00e5det som klara sig i stort sett oskadda under \u00e5rhundradena. Kyrkan St. Michael i Paganico har <strong>frescom\u00e5lningar<\/strong> av Biagio di Goro Ghezzi. I omr\u00e5det finns \u00e4ven <strong>slotten<\/strong> Monte Antico och Case Novole, b\u00e5da av stort arkitektoniskt och historiskt v\u00e4rde, och vackra byar s\u00e5som Pari, bara 1 km fr\u00e5n <strong>Petriolos heta k\u00e4llor<\/strong>.<\/p>\n<p>En guide till\u00e4gnad Civitella Paganico-omr\u00e5det, dess sk\u00f6nhet, dess resv\u00e4gar och dess <strong>superba l\u00e4ge i s\u00f6dra Toscana<\/strong> beh\u00f6vs definitivt, en guide som inte tvingar den resande att v\u00e4lja  mellan Maremma, Val d&#8217;Orcia, Crete Senese, Monte Amiata eller kusten,  eftersom alla dessa platser l\u00e4tt kan n\u00e5s med bil p\u00e5 lite \u00f6ver en  halvtimme.<\/p>\n<p>Klicka h\u00e4r f\u00f6r att se Googles karat \u00f6ver Maremma!<\/p>\n<p>Med tanke p\u00e5 att <strong>Maremma<\/strong> \u00e4r den region som fr\u00e4mst  f\u00f6rknippas med Civitella, har vi skrivit en kort introduktion till detta  omr\u00e5de i Toscana med v\u00e5rt eget personliga urval av sev\u00e4rdheter som inte  f\u00e5r missas.<\/p>\n<p>Maremma kan delas in i <strong>fem huvudomr\u00e5den<\/strong>, vart och ett med sina speciella k\u00e4nnetecken och sev\u00e4rdheter.<\/p>\n<ul>\n<li><a href=\"http:\/\/www.casinadirosa.it\/sv\/southern-tuscany\/maremma\/heart-of-maremma\">Maremmas hj\u00e4rta: Grosseto och Tyrreneiska kusten<\/a><\/li>\n<li><a href=\"http:\/\/www.casinadirosa.it\/sv\/southern-tuscany\/maremma\/heart-of-maremma\">Kusten, str\u00e4nderna och havet i Toscanas Maremma<\/a><\/li>\n<li><a href=\"http:\/\/www.casinadirosa.it\/sv\/southern-tuscany\/maremma\/pitigliano-etruscan-maremma\">\u00d6vre Maremmas berg: Pitigliano &amp; co.<\/a><\/li>\n<li><a href=\"http:\/\/www.casinadirosa.it\/sv\/southern-tuscany\/maremma\/massa-marittima-maremma\">Colline Metallifere: Norra Maremma<\/a><\/li>\n<li><a href=\"http:\/\/www.casinadirosa.it\/sv\/southern-tuscany\/maremma\/upper-maremma-hills\">Inlandet: Civitella Marittima-omr\u00e5det och Casina di Rosa<\/a><\/li>\n<\/ul>\n<p><\/p>","protected":false},"excerpt":{"rendered":"<p>\u00d6vre Maremma: en fantastisk plats mellan Siena och havet Casina di Rosa ligger i Civitella Marittima, en medeltida bergsby i \u00f6vre Maremma. P\u00e5 grund av sitt l\u00e4ge kopplas Civitella ibland ihop med Siena, och dess landskap, slott och traditioner, och ibland med Maremma, med sina naturmilj\u00f6er, kusten och havet. Omr\u00e5det omkring byn \u00e4r k\u00e4nt som [&hellip;]<\/p>\n","protected":false},"author":4,"featured_media":184,"parent":22,"menu_order":200,"comment_status":"closed","ping_status":"closed","template":"","meta":{"footnotes":""},"class_list":["post-66","page","type-page","status-publish","has-post-thumbnail","hentry"],"_links":{"self":[{"href":"https:\/\/www.casinadirosa.it\/sv\/wp-json\/wp\/v2\/pages\/66","targetHints":{"allow":["GET"]}}],"collection":[{"href":"https:\/\/www.casinadirosa.it\/sv\/wp-json\/wp\/v2\/pages"}],"about":[{"href":"https:\/\/www.casinadirosa.it\/sv\/wp-json\/wp\/v2\/types\/page"}],"author":[{"embeddable":true,"href":"https:\/\/www.casinadirosa.it\/sv\/wp-json\/wp\/v2\/users\/4"}],"replies":[{"embeddable":true,"href":"https:\/\/www.casinadirosa.it\/sv\/wp-json\/wp\/v2\/comments?post=66"}],"version-history":[{"count":38,"href":"https:\/\/www.casinadirosa.it\/sv\/wp-json\/wp\/v2\/pages\/66\/revisions"}],"predecessor-version":[{"id":1157,"href":"https:\/\/www.casinadirosa.it\/sv\/wp-json\/wp\/v2\/pages\/66\/revisions\/1157"}],"up":[{"embeddable":true,"href":"https:\/\/www.casinadirosa.it\/sv\/wp-json\/wp\/v2\/pages\/22"}],"wp:featuredmedia":[{"embeddable":true,"href":"https:\/\/www.casinadirosa.it\/sv\/wp-json\/wp\/v2\/media\/184"}],"wp:attachment":[{"href":"https:\/\/www.casinadirosa.it\/sv\/wp-json\/wp\/v2\/media?parent=66"}],"curies":[{"name":"wp","href":"https:\/\/api.w.org\/{rel}","templated":true}]}}