{"id":68,"date":"2011-03-09T03:47:06","date_gmt":"2011-03-09T02:47:06","guid":{"rendered":"http:\/\/www.casinadirosa.it\/?page_id=68"},"modified":"2011-06-03T17:36:52","modified_gmt":"2011-06-03T16:36:52","slug":"siena","status":"publish","type":"page","link":"https:\/\/www.casinadirosa.it\/sv\/southern-tuscany\/siena\/","title":{"rendered":"(EN) Siena"},"content":{"rendered":"<p class=\"qtranxs-available-languages-message qtranxs-available-languages-message-sv\">Tyv\u00e4rr \u00e4r denna artikel enbart tillg\u00e4nglig p\u00e5 <a href=\"https:\/\/www.casinadirosa.it\/en\/wp-json\/wp\/v2\/pages\/68\" class=\"qtranxs-available-language-link qtranxs-available-language-link-en\" title=\"EN\">EN<\/a> och <a href=\"https:\/\/www.casinadirosa.it\/it\/wp-json\/wp\/v2\/pages\/68\" class=\"qtranxs-available-language-link qtranxs-available-language-link-it\" title=\"IT\">IT<\/a>.<\/p>","protected":false},"excerpt":{"rendered":"<p>Tyv\u00e4rr \u00e4r denna artikel enbart tillg\u00e4nglig p\u00e5 EN och IT.<\/p>\n","protected":false},"author":4,"featured_media":177,"parent":22,"menu_order":300,"comment_status":"closed","ping_status":"closed","template":"","meta":{"footnotes":""},"class_list":["post-68","page","type-page","status-publish","has-post-thumbnail","hentry"],"_links":{"self":[{"href":"https:\/\/www.casinadirosa.it\/sv\/wp-json\/wp\/v2\/pages\/68","targetHints":{"allow":["GET"]}}],"collection":[{"href":"https:\/\/www.casinadirosa.it\/sv\/wp-json\/wp\/v2\/pages"}],"about":[{"href":"https:\/\/www.casinadirosa.it\/sv\/wp-json\/wp\/v2\/types\/page"}],"author":[{"embeddable":true,"href":"https:\/\/www.casinadirosa.it\/sv\/wp-json\/wp\/v2\/users\/4"}],"replies":[{"embeddable":true,"href":"https:\/\/www.casinadirosa.it\/sv\/wp-json\/wp\/v2\/comments?post=68"}],"version-history":[{"count":5,"href":"https:\/\/www.casinadirosa.it\/sv\/wp-json\/wp\/v2\/pages\/68\/revisions"}],"predecessor-version":[{"id":550,"href":"https:\/\/www.casinadirosa.it\/sv\/wp-json\/wp\/v2\/pages\/68\/revisions\/550"}],"up":[{"embeddable":true,"href":"https:\/\/www.casinadirosa.it\/sv\/wp-json\/wp\/v2\/pages\/22"}],"wp:featuredmedia":[{"embeddable":true,"href":"https:\/\/www.casinadirosa.it\/sv\/wp-json\/wp\/v2\/media\/177"}],"wp:attachment":[{"href":"https:\/\/www.casinadirosa.it\/sv\/wp-json\/wp\/v2\/media?parent=68"}],"curies":[{"name":"wp","href":"https:\/\/api.w.org\/{rel}","templated":true}]}}