{"id":78,"date":"2011-03-09T05:23:07","date_gmt":"2011-03-09T04:23:07","guid":{"rendered":"http:\/\/www.casinadirosa.it\/?page_id=78"},"modified":"2011-06-03T18:02:46","modified_gmt":"2011-06-03T17:02:46","slug":"nature-sport-tuscany","status":"publish","type":"page","link":"https:\/\/www.casinadirosa.it\/sv\/things-to-do-tuscany\/nature-sport-tuscany\/","title":{"rendered":"Natur och idrott"},"content":{"rendered":"<p class=\"qtranxs-available-languages-message qtranxs-available-languages-message-sv\">Tyv\u00e4rr \u00e4r denna artikel enbart tillg\u00e4nglig p\u00e5 <a href=\"https:\/\/www.casinadirosa.it\/en\/wp-json\/wp\/v2\/pages\/78\" class=\"qtranxs-available-language-link qtranxs-available-language-link-en\" title=\"EN\">EN<\/a>, <a href=\"https:\/\/www.casinadirosa.it\/it\/wp-json\/wp\/v2\/pages\/78\" class=\"qtranxs-available-language-link qtranxs-available-language-link-it\" title=\"IT\">IT<\/a>, <a href=\"https:\/\/www.casinadirosa.it\/de\/wp-json\/wp\/v2\/pages\/78\" class=\"qtranxs-available-language-link qtranxs-available-language-link-de\" title=\"DE\">DE<\/a>, <a href=\"https:\/\/www.casinadirosa.it\/nl\/wp-json\/wp\/v2\/pages\/78\" class=\"qtranxs-available-language-link qtranxs-available-language-link-nl\" title=\"NL\">NL<\/a>, <a href=\"https:\/\/www.casinadirosa.it\/fr\/wp-json\/wp\/v2\/pages\/78\" class=\"qtranxs-available-language-link qtranxs-available-language-link-fr\" title=\"FR\">FR<\/a>, <a href=\"https:\/\/www.casinadirosa.it\/es\/wp-json\/wp\/v2\/pages\/78\" class=\"qtranxs-available-language-link qtranxs-available-language-link-es\" title=\"ES\">ES<\/a> och <a href=\"https:\/\/www.casinadirosa.it\/ru\/wp-json\/wp\/v2\/pages\/78\" class=\"qtranxs-available-language-link qtranxs-available-language-link-ru\" title=\"RU\">RU<\/a>.<\/p>","protected":false},"excerpt":{"rendered":"<p>Tyv\u00e4rr \u00e4r denna artikel enbart tillg\u00e4nglig p\u00e5 EN, IT, DE, NL, FR, ES och RU.<\/p>\n","protected":false},"author":4,"featured_media":204,"parent":26,"menu_order":0,"comment_status":"closed","ping_status":"closed","template":"","meta":{"footnotes":""},"class_list":["post-78","page","type-page","status-publish","has-post-thumbnail","hentry"],"_links":{"self":[{"href":"https:\/\/www.casinadirosa.it\/sv\/wp-json\/wp\/v2\/pages\/78","targetHints":{"allow":["GET"]}}],"collection":[{"href":"https:\/\/www.casinadirosa.it\/sv\/wp-json\/wp\/v2\/pages"}],"about":[{"href":"https:\/\/www.casinadirosa.it\/sv\/wp-json\/wp\/v2\/types\/page"}],"author":[{"embeddable":true,"href":"https:\/\/www.casinadirosa.it\/sv\/wp-json\/wp\/v2\/users\/4"}],"replies":[{"embeddable":true,"href":"https:\/\/www.casinadirosa.it\/sv\/wp-json\/wp\/v2\/comments?post=78"}],"version-history":[{"count":4,"href":"https:\/\/www.casinadirosa.it\/sv\/wp-json\/wp\/v2\/pages\/78\/revisions"}],"predecessor-version":[{"id":560,"href":"https:\/\/www.casinadirosa.it\/sv\/wp-json\/wp\/v2\/pages\/78\/revisions\/560"}],"up":[{"embeddable":true,"href":"https:\/\/www.casinadirosa.it\/sv\/wp-json\/wp\/v2\/pages\/26"}],"wp:featuredmedia":[{"embeddable":true,"href":"https:\/\/www.casinadirosa.it\/sv\/wp-json\/wp\/v2\/media\/204"}],"wp:attachment":[{"href":"https:\/\/www.casinadirosa.it\/sv\/wp-json\/wp\/v2\/media?parent=78"}],"curies":[{"name":"wp","href":"https:\/\/api.w.org\/{rel}","templated":true}]}}